{"id":10117,"date":"2023-07-17T09:10:10","date_gmt":"2023-07-17T07:10:10","guid":{"rendered":"https:\/\/lubenglass.eu\/lenregistrement-au-site-est-termine\/"},"modified":"2023-09-21T11:27:17","modified_gmt":"2023-09-21T09:27:17","slug":"lenregistrement-au-site-est-termine","status":"publish","type":"page","link":"https:\/\/lubenglass.eu\/fr\/lenregistrement-au-site-est-termine\/","title":{"rendered":"L&#8217;enregistrement au site est termin\u00e9 !"},"content":{"rendered":"<section>\n<h2>Luben Glass<\/h2>\n<h3>Merci de vous \u00eatre enregistr\u00e9 !<\/h3>\n<\/section>\n<p>Merci de vous \u00eatre enregistr\u00e9 \u00e0 notre site !<\/p>\n<p>Pour acc\u00e9der aux zones r\u00e9serv\u00e9es du site, un administrateur doit approuver votre demande ; vous en serez inform\u00e9 par e-mail.<\/p>\n<p>A bient\u00f4t, le staff Luben Glass !<\/p>\n","protected":false},"excerpt":{"rendered":"<p>Luben Glass Merci de vous \u00eatre enregistr\u00e9 ! Merci de vous \u00eatre enregistr\u00e9 \u00e0 notre site ! Pour acc\u00e9der aux zones r\u00e9serv\u00e9es du site, un administrateur doit approuver votre demande ; vous en serez inform\u00e9 par e-mail. A bient\u00f4t, le staff Luben Glass !<\/p>\n","protected":false},"author":1,"featured_media":0,"parent":0,"menu_order":0,"comment_status":"closed","ping_status":"closed","template":"","meta":{"footnotes":""},"class_list":["post-10117","page","type-page","status-publish","hentry"],"_links":{"self":[{"href":"https:\/\/lubenglass.eu\/fr\/wp-json\/wp\/v2\/pages\/10117","targetHints":{"allow":["GET"]}}],"collection":[{"href":"https:\/\/lubenglass.eu\/fr\/wp-json\/wp\/v2\/pages"}],"about":[{"href":"https:\/\/lubenglass.eu\/fr\/wp-json\/wp\/v2\/types\/page"}],"author":[{"embeddable":true,"href":"https:\/\/lubenglass.eu\/fr\/wp-json\/wp\/v2\/users\/1"}],"replies":[{"embeddable":true,"href":"https:\/\/lubenglass.eu\/fr\/wp-json\/wp\/v2\/comments?post=10117"}],"version-history":[{"count":1,"href":"https:\/\/lubenglass.eu\/fr\/wp-json\/wp\/v2\/pages\/10117\/revisions"}],"predecessor-version":[{"id":10246,"href":"https:\/\/lubenglass.eu\/fr\/wp-json\/wp\/v2\/pages\/10117\/revisions\/10246"}],"wp:attachment":[{"href":"https:\/\/lubenglass.eu\/fr\/wp-json\/wp\/v2\/media?parent=10117"}],"curies":[{"name":"wp","href":"https:\/\/api.w.org\/{rel}","templated":true}]}}