{"id":10126,"date":"2023-07-18T15:31:31","date_gmt":"2023-07-18T13:31:31","guid":{"rendered":"https:\/\/lubenglass.eu\/enregistrement\/"},"modified":"2023-10-17T17:11:27","modified_gmt":"2023-10-17T15:11:27","slug":"enregistrement","status":"publish","type":"page","link":"https:\/\/lubenglass.eu\/fr\/enregistrement\/","title":{"rendered":"Enregistrement"},"content":{"rendered":"\t\t<div data-elementor-type=\"wp-page\" data-elementor-id=\"10126\" class=\"elementor elementor-10126 elementor-1101\">\n\t\t\t\t\t\t<section class=\"elementor-section elementor-top-section elementor-element elementor-element-bb8077a elementor-section-boxed elementor-section-height-default elementor-section-height-default\" data-id=\"bb8077a\" data-element_type=\"section\">\n\t\t\t\t\t\t<div class=\"elementor-container elementor-column-gap-default\">\n\t\t\t\t\t<div class=\"aux-parallax-section elementor-column elementor-col-100 elementor-top-column elementor-element elementor-element-3be4233\" data-id=\"3be4233\" data-element_type=\"column\">\n\t\t\t<div class=\"elementor-widget-wrap elementor-element-populated\">\n\t\t\t\t\t\t<div class=\"elementor-element elementor-element-96292e1 aux-appear-watch-animation aux-fade-in-up elementor-widget elementor-widget-aux_modern_heading\" data-id=\"96292e1\" data-element_type=\"widget\" data-widget_type=\"aux_modern_heading.default\">\n\t\t\t\t<div class=\"elementor-widget-container\">\n\t\t\t<section class=\"aux-widget-modern-heading\">\n            <div class=\"aux-widget-inner\"><div class=\"aux-modern-heading-divider\"><\/div><h2 class=\"aux-modern-heading-primary\">Luben Glass<\/h2><h3 class=\"aux-modern-heading-secondary\"><span class=\"aux-head-before\">Inscription<\/span><\/h3><\/div>\n        <\/section>\t\t<\/div>\n\t\t\t\t<\/div>\n\t\t\t\t<div class=\"elementor-element elementor-element-b0c80c8 aux-appear-watch-animation aux-fade-in-up elementor-widget elementor-widget-html\" data-id=\"b0c80c8\" data-element_type=\"widget\" data-widget_type=\"html.default\">\n\t\t\t\t<div class=\"elementor-widget-container\">\n\t\t\t<a href=\"#\" onclick=\"history.go(-1)\">\u00ab Retour en arri\u00e8re<\/a>\t\t<\/div>\n\t\t\t\t<\/div>\n\t\t\t\t\t<\/div>\n\t\t<\/div>\n\t\t\t\t\t<\/div>\n\t\t<\/section>\n\t\t\t\t<section class=\"elementor-section elementor-top-section elementor-element elementor-element-536d85a elementor-section-boxed elementor-section-height-default elementor-section-height-default\" data-id=\"536d85a\" data-element_type=\"section\">\n\t\t\t\t\t\t<div class=\"elementor-container elementor-column-gap-default\">\n\t\t\t\t\t<div class=\"aux-parallax-section elementor-column elementor-col-100 elementor-top-column elementor-element elementor-element-92dc0ea\" data-id=\"92dc0ea\" data-element_type=\"column\">\n\t\t\t<div class=\"elementor-widget-wrap elementor-element-populated\">\n\t\t\t\t\t\t<div class=\"elementor-element elementor-element-93c2c08 elementor-widget elementor-widget-shortcode\" data-id=\"93c2c08\" data-element_type=\"widget\" data-widget_type=\"shortcode.default\">\n\t\t\t\t<div class=\"elementor-widget-container\">\n\t\t\t\t\t<div class=\"elementor-shortcode\">        <form enctype=\"multipart\/form-data\" method=\"post\" id=\"wppb-register-user\" class=\"wppb-user-forms wppb-register-user wppb-user-logged-out\" action=\"https:\/\/lubenglass.eu\/fr\/wp-json\/wp\/v2\/pages\/10126\">\n\t\t\t<ul><li class=\"wppb-form-field wppb-default-first-name\" id=\"wppb-form-element-3\">\n\t\t\t<label for=\"first_name\">Nom<span class=\"wppb-required\" title=\"Ce champ est obligatoire\">*<\/span><\/label>\n\t\t\t<input class=\"text-input default_field_firstname \" name=\"first_name\" maxlength=\"70\" type=\"text\" id=\"first_name\" value=\"\"  required  \/><\/li><li class=\"wppb-form-field wppb-default-last-name\" id=\"wppb-form-element-4\">\n\t\t\t<label for=\"last_name\">Nom de famille<span class=\"wppb-required\" title=\"Ce champ est obligatoire\">*<\/span><\/label>\n\t\t\t<input class=\"text-input default_field_lastname \" name=\"last_name\" maxlength=\"70\" type=\"text\" id=\"last_name\" value=\"\"  required \/><\/li><li class=\"wppb-form-field wppb-input\" id=\"wppb-form-element-14\">\n\t\t\t\t<label for=\"company\">Entreprise<span class=\"wppb-required\" title=\"Ce champ est obligatoire\">*<\/span><\/label>\n\t\t\t\t<input class=\"extra_field_input \" name=\"company\" maxlength=\"250\" type=\"text\" id=\"company\" value=\"\"  required \/><\/li><li class=\"wppb-form-field wppb-select-user-role\" id=\"wppb-form-element-15\">\n\t\t\t\t<label for=\"custom_field_user_role\">Position<span class=\"wppb-required\" title=\"Ce champ est obligatoire\">*<\/span><\/label>\n\t\t\t\t<select name=\"custom_field_user_role\" id=\"\" class=\"custom_field_user_role \"  required ><option value=\"machinemaintenancemanager\">ADDETTO\/RESPONSABILE MANUTENZIONE MACCHINE<\/option><option value=\"moldmaintenancemanager\">ADDETTO\/RESPONSABILE MANUTENZIONE STAMPI<\/option><option value=\"productionmanager\">RESPONSABILE DI PRODUZIONE<\/option><option value=\"coldendmanager\">ADDETTO\/RESPONSABILE ZONA FREDDA<\/option><option value=\"technicalconsultant\">CONSULENTE TECNICO<\/option><option value=\"moldmanufacturer\">COSTRUTTORE STAMPI<\/option><option value=\"energymanager\">ADDETTO ALL\u2019ENERGY<\/option><option value=\"other\">ALTRO<\/option><\/select><\/li><li class=\"wppb-form-field wppb-input\" id=\"wppb-form-element-20\">\n\t\t\t\t<label for=\"custom_field_1\">Veuillez pr\u00e9ciser :<span class=\"wppb-required\" title=\"Ce champ est obligatoire\">*<\/span><\/label>\n\t\t\t\t<input class=\"extra_field_input \" name=\"custom_field_1\" maxlength=\"250\" type=\"text\" id=\"custom_field_1\" value=\"\"  required \/><\/li><li class=\"wppb-form-field wppb-input\" id=\"wppb-form-element-16\">\n\t\t\t\t<label for=\"telefono\">T\u00e9l\u00e9phone<\/label>\n\t\t\t\t<input class=\"extra_field_input \" name=\"telefono\" maxlength=\"250\" type=\"text\" id=\"telefono\" value=\"\" \/><\/li><li class=\"wppb-form-field wppb-default-website\" id=\"wppb-form-element-9\">\n\t\t\t<label for=\"website\">Site web<\/label>\n\t\t\t<input class=\"text-input default_field_website \" name=\"website\" maxlength=\"70\" type=\"text\" id=\"website\" value=\"\" \/><\/li><li class=\"wppb-form-field wppb-default-username\" id=\"wppb-form-element-2\">\n\t\t\t<label for=\"username\">Nom d'utilisateur<span class=\"wppb-required\" title=\"Ce champ est obligatoire\">*<\/span><\/label>\n\t\t\t<input class=\"text-input default_field_username \" name=\"username\" maxlength=\"70\" type=\"text\" id=\"username\" value=\"\"   required \/><\/li><li class=\"wppb-form-field wppb-default-e-mail\" id=\"wppb-form-element-8\">\n\t\t\t<label for=\"email\">E-mail<span class=\"wppb-required\" title=\"Ce champ est obligatoire\">*<\/span><\/label>\n\t\t\t<input class=\"text-input default_field_email \" name=\"email\" maxlength=\"70\" type=\"email\" id=\"email\" value=\"\"  required  \/><\/li><li class=\"wppb-form-field wppb-default-password\" id=\"wppb-form-element-12\">\n\t\t\t<label for=\"passw1\">Mot de passe<span class=\"wppb-required\" title=\"Ce champ est obligatoire\">*<\/span><\/label>\n\t\t\t<input class=\"text-input \" name=\"passw1\" maxlength=\"70\" type=\"password\" id=\"passw1\" value=\"\" autocomplete=\"off\"  required \/><span class=\"wppb-description-delimiter\"> <\/span><\/li><li class=\"wppb-form-field wppb-default-repeat-password\" id=\"wppb-form-element-13\">\n\t\t\t<label for=\"passw2\">R\u00e9p\u00e9ter le mot de passe<span class=\"wppb-required\" title=\"Ce champ est obligatoire\">*<\/span><\/label>\n\t\t\t<input class=\"text-input \" name=\"passw2\" maxlength=\"70\" type=\"password\" id=\"passw2\" value=\"\" autocomplete=\"off\"  required \/><\/li><li class=\"wppb-form-field wppb-mailpoet-subscribe\" id=\"wppb-form-element-17\"><label for=\"custom_field_mailpoet_subscribe_17\"><input name=\"custom_field_mailpoet_subscribe_17\" id=\"custom_field_mailpoet_subscribe_17\" class=\"extra_field_mailpoet\" type=\"checkbox\" value=\"9\" checked=\"checked\" \/>Inscription \u00e0 la newsletter<\/label><\/li><li class=\"wppb-form-field wppb-gdpr-checkbox wppb-checkbox\" id=\"wppb-form-element-18\">\n\t\t\t\t<label for=\"user_consent_gdpr\">\n\t\t\t\t<input value=\"agree\" name=\"user_consent_gdpr\" id=\"user_consent_gdpr\" type=\"checkbox\" class=\"custom_field_gdpr\"  required   \/>J'ai lu et j'accepte la <a href=\"\/fr\/privacy\/\" target=\"_blank\">politique de confidentialit\u00e9<\/a><span class=\"wppb-required\" title=\"Ce champ est obligatoire\">*<\/span><\/label><\/li><li class=\"wppb-form-field wppb-recaptcha\" id=\"wppb-form-element-19\"><label for=\"recaptcha_response_field\">Contr\u00f4le de s\u00e9curit\u00e9<span class=\"wppb-required\" title=\"Ce champ est obligatoire\">*<\/span><\/label><div id=\"wppb-recaptcha-element-pb_register1\" class=\"wppb-recaptcha-element \"><\/div><\/li><\/ul><ul><li class=\"wppb-form-field wppb-send-credentials-checkbox\"><label for=\"send_credentials_via_email\"><input id=\"send_credentials_via_email\" type=\"checkbox\" name=\"send_credentials_via_email\" value=\"sending\"\/>Envoyer ces identifiants par E-mail.<\/label><\/li><\/ul>\t\t\t<p class=\"form-submit\"  >\n\t\t\t\t                \t\t\t\t<input name=\"register\" type=\"submit\" id=\"register\" class=\"submit button\" value=\"S&#039;inscrire\" \/>\n                <input name=\"redirect_to\" type=\"hidden\" value=\"\" \/>\n                \t\t\t\t<input name=\"action\" type=\"hidden\" id=\"action\" value=\"register\" \/>\n\t\t\t\t<input name=\"form_name\" type=\"hidden\" id=\"form_name\" value=\"unspecified\" \/>\n\t\t\t\t<input name=\"form_id\" type=\"hidden\" id=\"form_id\" value=\"\" \/>\n\t\t\t\t<input type=\"hidden\" name=\"wppb_referer_url\" value=\"\"\/>\t\t\t<\/p><!-- .form-submit -->\n\t\t\t<input type=\"hidden\" id=\"register_unspecified_nonce_field\" name=\"register_unspecified_nonce_field\" value=\"e7a7ac5d65\" \/><input type=\"hidden\" name=\"_wp_http_referer\" value=\"\/fr\/wp-json\/wp\/v2\/pages\/10126\" \/>\t\t<\/form>\n\t\t<\/div>\n\t\t\t\t<\/div>\n\t\t\t\t<\/div>\n\t\t\t\t\t<\/div>\n\t\t<\/div>\n\t\t\t\t\t<\/div>\n\t\t<\/section>\n\t\t\t\t<\/div>\n\t\t","protected":false},"excerpt":{"rendered":"<p>Luben Glass Inscription \u00ab Retour en arri\u00e8re<\/p>\n","protected":false},"author":1,"featured_media":0,"parent":0,"menu_order":0,"comment_status":"closed","ping_status":"closed","template":"","meta":{"footnotes":""},"class_list":["post-10126","page","type-page","status-publish","hentry"],"_links":{"self":[{"href":"https:\/\/lubenglass.eu\/fr\/wp-json\/wp\/v2\/pages\/10126","targetHints":{"allow":["GET"]}}],"collection":[{"href":"https:\/\/lubenglass.eu\/fr\/wp-json\/wp\/v2\/pages"}],"about":[{"href":"https:\/\/lubenglass.eu\/fr\/wp-json\/wp\/v2\/types\/page"}],"author":[{"embeddable":true,"href":"https:\/\/lubenglass.eu\/fr\/wp-json\/wp\/v2\/users\/1"}],"replies":[{"embeddable":true,"href":"https:\/\/lubenglass.eu\/fr\/wp-json\/wp\/v2\/comments?post=10126"}],"version-history":[{"count":10,"href":"https:\/\/lubenglass.eu\/fr\/wp-json\/wp\/v2\/pages\/10126\/revisions"}],"predecessor-version":[{"id":13544,"href":"https:\/\/lubenglass.eu\/fr\/wp-json\/wp\/v2\/pages\/10126\/revisions\/13544"}],"wp:attachment":[{"href":"https:\/\/lubenglass.eu\/fr\/wp-json\/wp\/v2\/media?parent=10126"}],"curies":[{"name":"wp","href":"https:\/\/api.w.org\/{rel}","templated":true}]}}