{"id":10130,"date":"2023-07-19T14:07:44","date_gmt":"2023-07-19T12:07:44","guid":{"rendered":"https:\/\/lubenglass.eu\/politique-de-confidentialite\/"},"modified":"2023-09-21T11:30:45","modified_gmt":"2023-09-21T09:30:45","slug":"politique-de-confidentialite","status":"publish","type":"page","link":"https:\/\/lubenglass.eu\/fr\/politique-de-confidentialite\/","title":{"rendered":"Politique de confidentialit\u00e9"},"content":{"rendered":"\t\t<div data-elementor-type=\"wp-page\" data-elementor-id=\"10130\" class=\"elementor elementor-10130 elementor-1048\">\n\t\t\t\t\t\t<section class=\"elementor-section elementor-top-section elementor-element elementor-element-26daf19 elementor-section-boxed elementor-section-height-default elementor-section-height-default\" data-id=\"26daf19\" data-element_type=\"section\">\n\t\t\t\t\t\t<div class=\"elementor-container elementor-column-gap-default\">\n\t\t\t\t\t<div class=\"aux-parallax-section elementor-column elementor-col-100 elementor-top-column elementor-element elementor-element-52bc695\" data-id=\"52bc695\" data-element_type=\"column\">\n\t\t\t<div class=\"elementor-widget-wrap elementor-element-populated\">\n\t\t\t\t\t\t<div class=\"elementor-element elementor-element-ff67919 aux-appear-watch-animation aux-fade-in-up elementor-widget elementor-widget-aux_modern_heading\" data-id=\"ff67919\" data-element_type=\"widget\" data-widget_type=\"aux_modern_heading.default\">\n\t\t\t\t<div class=\"elementor-widget-container\">\n\t\t\t<section class=\"aux-widget-modern-heading\">\n            <div class=\"aux-widget-inner\"><div class=\"aux-modern-heading-divider\"><\/div><h2 class=\"aux-modern-heading-primary\">Luben Glass<\/h2><h3 class=\"aux-modern-heading-secondary\"><span class=\"aux-head-before\">Privacy<\/span><\/h3><\/div>\n        <\/section>\t\t<\/div>\n\t\t\t\t<\/div>\n\t\t\t\t<div class=\"elementor-element elementor-element-ba27bf2 elementor-hidden-phone aux-appear-watch-animation aux-fade-in-up elementor-widget elementor-widget-aux_menu_box\" data-id=\"ba27bf2\" data-element_type=\"widget\" data-widget_type=\"aux_menu_box.default\">\n\t\t\t\t<div class=\"elementor-widget-container\">\n\t\t\t<div class=\"aux-elementor-header-menu aux-nav-menu-element aux-nav-menu-element-ba27bf2\"><div class=\"aux-burger-box\" data-target-panel=\"toggle-bar\" data-target-content=\".elementor-element-ba27bf2 .aux-master-menu\"><div class=\"aux-burger aux-lite-small\"><span class=\"mid-line\"><\/span><\/div><\/div><!-- start master menu -->\n<nav id=\"master-menu-elementor-ba27bf2\" class=\"menu-link-utili-francese-container\">\n\n\t<ul id=\"menu-link-utili-francese\" class=\"aux-master-menu aux-no-js aux-skin-classic aux-with-indicator aux-with-splitter aux-horizontal\" data-type=\"horizontal\"  data-switch-type=\"toggle\" data-switch-parent=\".elementor-element-ba27bf2 .aux-toggle-menu-bar\" data-switch-width=\"1\"  >\n\t\t<!-- start single menu -->\n\t\t<li id=\"menu-item-13209\" class=\"menu-item menu-item-type-post_type menu-item-object-page menu-item-13209 aux-menu-depth-0 aux-menu-root-1 aux-menu-item\">\n\t\t\t<a href=\"https:\/\/lubenglass.eu\/fr\/politique-de-confidentialite\/\" class=\"aux-item-content\">\n\t\t\t\t<span class=\"aux-menu-label\">Politique de confidentialit\u00e9<\/span>\n\t\t\t<\/a>\n\t\t<\/li>\n\t\t<!-- end single menu -->\n\t\t<!-- start single menu -->\n\t\t<li id=\"menu-item-13210\" class=\"menu-item menu-item-type-post_type menu-item-object-page menu-item-13210 aux-menu-depth-0 aux-menu-root-2 aux-menu-item\">\n\t\t\t<a href=\"https:\/\/lubenglass.eu\/fr\/cookies\/\" class=\"aux-item-content\">\n\t\t\t\t<span class=\"aux-menu-label\">Cookies<\/span>\n\t\t\t<\/a>\n\t\t<\/li>\n\t\t<!-- end single menu -->\n\t\t<!-- start single menu -->\n\t\t<li id=\"menu-item-13211\" class=\"menu-item menu-item-type-post_type menu-item-object-page menu-item-13211 aux-menu-depth-0 aux-menu-root-3 aux-menu-item\">\n\t\t\t<a href=\"https:\/\/lubenglass.eu\/fr\/conditions-de-vente\/\" class=\"aux-item-content\">\n\t\t\t\t<span class=\"aux-menu-label\">Conditions de vente<\/span>\n\t\t\t<\/a>\n\t\t<\/li>\n\t\t<!-- end single menu -->\n\t<\/ul>\n\n<\/nav>\n<!-- end master menu -->\n<div class=\"aux-toggle-menu-bar\"><\/div><\/div><style>@media only screen and (min-width: 2px) { .elementor-element-ba27bf2 .aux-burger-box { display: none } }<\/style>\t\t<\/div>\n\t\t\t\t<\/div>\n\t\t\t\t<div class=\"elementor-element elementor-element-2b30262 elementor-widget elementor-widget-text-editor\" data-id=\"2b30262\" data-element_type=\"widget\" data-widget_type=\"text-editor.default\">\n\t\t\t\t<div class=\"elementor-widget-container\">\n\t\t\t\t\t\t\t<p><strong>Politique de confidentialit\u00e9<\/strong><\/p>\n<p>Conform\u00e9ment aux obligations d\u00e9coulant de la l\u00e9gislation nationale et communautaire sur la protection des donn\u00e9es \u00e0 caract\u00e8re personnel, ce site respecte et prot\u00e8ge la vie priv\u00e9e des visiteurs et des utilisateurs.<\/p>\n<p>Cette politique de confidentialit\u00e9 s&#8217;applique exclusivement aux activit\u00e9s en ligne de ce site et est valable pour les visiteurs\/utilisateurs du site. Elle ne s&#8217;applique pas aux informations collect\u00e9es par d&#8217;autres canaux que ce site web.<\/p>\n<p><strong>Consentement<\/strong><\/p>\n<p>En utilisant ou en consultant ce site, les visiteurs et les utilisateurs approuvent explicitement la pr\u00e9sente politique de confidentialit\u00e9 et consentent \u00e0 l&#8217;utilisation de leurs donn\u00e9es personnelles de la mani\u00e8re et aux fins d\u00e9crites ci-dessous.<\/p>\n<p><strong>Donn\u00e9es collect\u00e9es et objectif<\/strong><\/p>\n<p>Comme tous les sites web, ce site utilise \u00e9galement des fichiers journaux dans lesquels sont stock\u00e9es les informations collect\u00e9es automatiquement lors des visites des utilisateurs. Les informations collect\u00e9es peuvent \u00eatre les suivantes :<\/p>\n<p><strong>A des fins de s\u00e9curit\u00e9<\/strong> (filtres anti-spam, firewalls, d\u00e9tection de virus), les donn\u00e9es enregistr\u00e9es automatiquement peuvent \u00e9ventuellement inclure des donn\u00e9es personnelles telles que l&#8217;adresse IP, qui pourraient \u00eatre utilis\u00e9es, conform\u00e9ment aux lois en vigueur en la mati\u00e8re, afin de bloquer les tentatives d&#8217;endommager le site lui-m\u00eame ou de causer des dommages \u00e0 d&#8217;autres utilisateurs, ou en tout \u00e9tat de cause des activit\u00e9s nuisibles ou criminelles. Ces donn\u00e9es ne sont jamais utilis\u00e9es \u00e0 des fins d&#8217;identification ou de profilage des utilisateurs, mais uniquement dans le but de prot\u00e9ger le site et ses utilisateurs.<\/p>\n<p>Si le site permet la publication de <strong>commentaires<\/strong>, ou dans le cas de <strong>services sp\u00e9cifiques demand\u00e9s par l&#8217;utilisateur<\/strong>, le site d\u00e9tecte et enregistre automatiquement certaines donn\u00e9es permettant d&#8217;identifier l&#8217;utilisateur. Ces donn\u00e9es sont cens\u00e9es \u00eatre fournies volontairement par l&#8217;utilisateur au moment o\u00f9 le service est fourni. En introduisant un commentaire ou d&#8217;autres informations, l&#8217;utilisateur accepte express\u00e9ment la politique de confidentialit\u00e9 et consent notamment \u00e0 ce que les contenus introduits soient librement divulgu\u00e9s \u00e0 des tiers.<\/p>\n<p>Les donn\u00e9es re\u00e7ues seront utilis\u00e9es exclusivement pour la fourniture du service demand\u00e9 et seulement pendant le temps n\u00e9cessaire \u00e0 la fourniture du service.<\/p>\n<p>Les informations que les utilisateurs du site d\u00e9cident de rendre publiques par le biais des services et des outils mis \u00e0 leur disposition sont fournies par l&#8217;utilisateur en toute connaissance de cause et volontairement, ce qui exon\u00e8re ce site de toute responsabilit\u00e9 en cas de violation de la loi. Il appartient \u00e0 l&#8217;utilisateur de v\u00e9rifier qu&#8217;il dispose des autorisations n\u00e9cessaires pour introduire des donn\u00e9es personnelles de tiers ou des contenus prot\u00e9g\u00e9s par des r\u00e9glementations nationales et internationales.<\/p>\n<p>Les donn\u00e9es collect\u00e9es sur le site sont trait\u00e9es dans les locaux du contr\u00f4leur des donn\u00e9es.<\/p>\n<p><strong>Mesures de s\u00e9curit\u00e9<\/strong><\/p>\n<p>Ce site traite les donn\u00e9es des utilisateurs de mani\u00e8re licite et correcte, en adoptant des <strong>mesures de s\u00e9curit\u00e9<\/strong> appropri\u00e9es pour emp\u00eacher l&#8217;acc\u00e8s non autoris\u00e9, la divulgation, la modification ou la destruction des donn\u00e9es. Le traitement est effectu\u00e9 \u00e0 l&#8217;aide d&#8217;instruments informatiques et\/ou t\u00e9l\u00e9matiques, avec des m\u00e9thodes d&#8217;organisation et des logiques strictement li\u00e9es aux finalit\u00e9s indiqu\u00e9es. Outre le responsable du traitement, dans certains cas, des cat\u00e9gories de personnes impliqu\u00e9es dans l&#8217;organisation du site (administratives, commerciales, marketing, juridiques, administrateurs du syst\u00e8me) ou des parties externes (telles que des prestataires de services techniques tiers, des courriers postaux, des fournisseurs d&#8217;h\u00e9bergement, des soci\u00e9t\u00e9s informatiques, des agences de communication) peuvent avoir acc\u00e8s aux donn\u00e9es.<\/p>\n<p><strong>Droits des utilisateurs<\/strong><\/p>\n<p>Les utilisateurs (personnes concern\u00e9es) ont le droit \u00e0 tout moment d&#8217;obtenir la confirmation de l&#8217;existence ou non de donn\u00e9es les concernant, d&#8217;\u00eatre inform\u00e9s de leur contenu et de leur origine, d&#8217;en v\u00e9rifier l&#8217;exactitude ou de demander qu&#8217;elles soient compl\u00e9t\u00e9es, effac\u00e9es, mises \u00e0 jour, rectifi\u00e9es, transform\u00e9es sous une forme anonyme ou bloqu\u00e9es si elles sont trait\u00e9es en violation de la loi, ainsi que de s&#8217;opposer \u00e0 leur traitement en tout \u00e9tat de cause, pour des motifs l\u00e9gitimes, et de disposer en tout \u00e9tat de cause de tous les droits vis\u00e9s \u00e0 l&#8217;article 7 du Code de la protection de la vie priv\u00e9e https:\/\/www.garanteprivacy.it\/web\/guest\/home\/docweb\/-\/docweb-display\/docweb\/9042678.<\/p>\n<p>Le responsable du traitement des donn\u00e9es est LUBEN GLASS s.r.l. Via A. Meucci, 23 &#8211; 26010 Offanengo (CR).<\/p>\n<p><strong>Mises \u00e0 jour<\/strong><\/p>\n<p>Cette politique de confidentialit\u00e9 est mise \u00e0 jour le 27-09-2021.<\/p>\n\t\t\t\t\t\t<\/div>\n\t\t\t\t<\/div>\n\t\t\t\t\t<\/div>\n\t\t<\/div>\n\t\t\t\t\t<\/div>\n\t\t<\/section>\n\t\t\t\t<\/div>\n\t\t","protected":false},"excerpt":{"rendered":"<p>Luben Glass Privacy Privacy Cookies Condizioni di vendita Politique de confidentialit\u00e9 Conform\u00e9ment aux obligations d\u00e9coulant de la l\u00e9gislation nationale et communautaire sur la protection des donn\u00e9es \u00e0 caract\u00e8re personnel, ce site respecte et prot\u00e8ge la vie priv\u00e9e des visiteurs et des utilisateurs. Cette politique de confidentialit\u00e9 s&#8217;applique exclusivement aux activit\u00e9s en ligne de ce site [&hellip;]<\/p>\n","protected":false},"author":1,"featured_media":0,"parent":0,"menu_order":0,"comment_status":"closed","ping_status":"closed","template":"","meta":{"footnotes":""},"class_list":["post-10130","page","type-page","status-publish","hentry"],"_links":{"self":[{"href":"https:\/\/lubenglass.eu\/fr\/wp-json\/wp\/v2\/pages\/10130","targetHints":{"allow":["GET"]}}],"collection":[{"href":"https:\/\/lubenglass.eu\/fr\/wp-json\/wp\/v2\/pages"}],"about":[{"href":"https:\/\/lubenglass.eu\/fr\/wp-json\/wp\/v2\/types\/page"}],"author":[{"embeddable":true,"href":"https:\/\/lubenglass.eu\/fr\/wp-json\/wp\/v2\/users\/1"}],"replies":[{"embeddable":true,"href":"https:\/\/lubenglass.eu\/fr\/wp-json\/wp\/v2\/comments?post=10130"}],"version-history":[{"count":5,"href":"https:\/\/lubenglass.eu\/fr\/wp-json\/wp\/v2\/pages\/10130\/revisions"}],"predecessor-version":[{"id":13235,"href":"https:\/\/lubenglass.eu\/fr\/wp-json\/wp\/v2\/pages\/10130\/revisions\/13235"}],"wp:attachment":[{"href":"https:\/\/lubenglass.eu\/fr\/wp-json\/wp\/v2\/media?parent=10130"}],"curies":[{"name":"wp","href":"https:\/\/api.w.org\/{rel}","templated":true}]}}