{"id":10132,"date":"2023-07-19T14:19:14","date_gmt":"2023-07-19T12:19:14","guid":{"rendered":"https:\/\/lubenglass.eu\/cookies\/"},"modified":"2023-07-19T14:19:15","modified_gmt":"2023-07-19T12:19:15","slug":"cookies","status":"publish","type":"page","link":"https:\/\/lubenglass.eu\/fr\/cookies\/","title":{"rendered":"Cookies"},"content":{"rendered":"\t\t<div data-elementor-type=\"wp-page\" data-elementor-id=\"10132\" class=\"elementor elementor-10132 elementor-1046\">\n\t\t\t\t\t\t<section class=\"elementor-section elementor-top-section elementor-element elementor-element-bb8077a elementor-section-boxed elementor-section-height-default elementor-section-height-default\" data-id=\"bb8077a\" data-element_type=\"section\">\n\t\t\t\t\t\t<div class=\"elementor-container elementor-column-gap-default\">\n\t\t\t\t\t<div class=\"aux-parallax-section elementor-column elementor-col-100 elementor-top-column elementor-element elementor-element-3be4233\" data-id=\"3be4233\" data-element_type=\"column\">\n\t\t\t<div class=\"elementor-widget-wrap elementor-element-populated\">\n\t\t\t\t\t\t<div class=\"elementor-element elementor-element-96292e1 aux-appear-watch-animation aux-fade-in-up elementor-widget elementor-widget-aux_modern_heading\" data-id=\"96292e1\" data-element_type=\"widget\" data-widget_type=\"aux_modern_heading.default\">\n\t\t\t\t<div class=\"elementor-widget-container\">\n\t\t\t<section class=\"aux-widget-modern-heading\">\n            <div class=\"aux-widget-inner\"><div class=\"aux-modern-heading-divider\"><\/div><h2 class=\"aux-modern-heading-primary\">Luben Glass<\/h2><h3 class=\"aux-modern-heading-secondary\"><span class=\"aux-head-before\">Cookies<\/span><\/h3><\/div>\n        <\/section>\t\t<\/div>\n\t\t\t\t<\/div>\n\t\t\t\t\t<\/div>\n\t\t<\/div>\n\t\t\t\t\t<\/div>\n\t\t<\/section>\n\t\t\t\t<section class=\"elementor-section elementor-top-section elementor-element elementor-element-536d85a elementor-section-boxed elementor-section-height-default elementor-section-height-default\" data-id=\"536d85a\" data-element_type=\"section\">\n\t\t\t\t\t\t<div class=\"elementor-container elementor-column-gap-default\">\n\t\t\t\t\t<div class=\"aux-parallax-section elementor-column elementor-col-100 elementor-top-column elementor-element elementor-element-92dc0ea\" data-id=\"92dc0ea\" data-element_type=\"column\">\n\t\t\t<div class=\"elementor-widget-wrap elementor-element-populated\">\n\t\t\t\t\t\t<div class=\"elementor-element elementor-element-297425a elementor-hidden-phone aux-appear-watch-animation aux-fade-in-up elementor-widget elementor-widget-aux_menu_box\" data-id=\"297425a\" data-element_type=\"widget\" data-widget_type=\"aux_menu_box.default\">\n\t\t\t\t<div class=\"elementor-widget-container\">\n\t\t\t<div class=\"aux-elementor-header-menu aux-nav-menu-element aux-nav-menu-element-297425a\"><div class=\"aux-burger-box\" data-target-panel=\"toggle-bar\" data-target-content=\".elementor-element-297425a .aux-master-menu\"><div class=\"aux-burger aux-lite-small\"><span class=\"mid-line\"><\/span><\/div><\/div><!-- start master menu -->\n<nav id=\"master-menu-elementor-297425a\" class=\"menu-link-utili-francese-container\">\n\n\t<ul id=\"menu-link-utili-francese\" class=\"aux-master-menu aux-no-js aux-skin-classic aux-with-indicator aux-with-splitter aux-horizontal\" data-type=\"horizontal\"  data-switch-type=\"toggle\" data-switch-parent=\".elementor-element-297425a .aux-toggle-menu-bar\" data-switch-width=\"1\"  >\n\t\t<!-- start single menu -->\n\t\t<li id=\"menu-item-13209\" class=\"menu-item menu-item-type-post_type menu-item-object-page menu-item-13209 aux-menu-depth-0 aux-menu-root-1 aux-menu-item\">\n\t\t\t<a href=\"https:\/\/lubenglass.eu\/fr\/politique-de-confidentialite\/\" class=\"aux-item-content\">\n\t\t\t\t<span class=\"aux-menu-label\">Politique de confidentialit\u00e9<\/span>\n\t\t\t<\/a>\n\t\t<\/li>\n\t\t<!-- end single menu -->\n\t\t<!-- start single menu -->\n\t\t<li id=\"menu-item-13210\" class=\"menu-item menu-item-type-post_type menu-item-object-page menu-item-13210 aux-menu-depth-0 aux-menu-root-2 aux-menu-item\">\n\t\t\t<a href=\"https:\/\/lubenglass.eu\/fr\/cookies\/\" class=\"aux-item-content\">\n\t\t\t\t<span class=\"aux-menu-label\">Cookies<\/span>\n\t\t\t<\/a>\n\t\t<\/li>\n\t\t<!-- end single menu -->\n\t\t<!-- start single menu -->\n\t\t<li id=\"menu-item-13211\" class=\"menu-item menu-item-type-post_type menu-item-object-page menu-item-13211 aux-menu-depth-0 aux-menu-root-3 aux-menu-item\">\n\t\t\t<a href=\"https:\/\/lubenglass.eu\/fr\/conditions-de-vente\/\" class=\"aux-item-content\">\n\t\t\t\t<span class=\"aux-menu-label\">Conditions de vente<\/span>\n\t\t\t<\/a>\n\t\t<\/li>\n\t\t<!-- end single menu -->\n\t<\/ul>\n\n<\/nav>\n<!-- end master menu -->\n<div class=\"aux-toggle-menu-bar\"><\/div><\/div><style>@media only screen and (min-width: 2px) { .elementor-element-297425a .aux-burger-box { display: none } }<\/style>\t\t<\/div>\n\t\t\t\t<\/div>\n\t\t\t\t<div class=\"elementor-element elementor-element-7be4c57 elementor-widget elementor-widget-text-editor\" data-id=\"7be4c57\" data-element_type=\"widget\" data-widget_type=\"text-editor.default\">\n\t\t\t\t<div class=\"elementor-widget-container\">\n\t\t\t\t\t\t\t<p>Ce site utilise des cookies ou marqueurs, qui sont techniquement des paquets d&#8217;informations envoy\u00e9s par un serveur web (dans ce cas, par ce site) au navigateur Internet du visiteur\/utilisateur et automatiquement stock\u00e9s par ce dernier sur l&#8217;ordinateur personnel et automatiquement renvoy\u00e9s au serveur \u00e0 chaque fois que le site est consult\u00e9. Par cons\u00e9quent, pour profiter pleinement de ce site, nous vous recommandons de configurer votre navigateur de mani\u00e8re \u00e0 ce qu&#8217;il accepte la r\u00e9ception de cookies.<br \/>\nVeuillez noter que, par d\u00e9faut, presque tous les navigateurs web sont configur\u00e9s pour accepter automatiquement les cookies. Toutefois, les visiteurs\/utilisateurs peuvent modifier la configuration par d\u00e9faut. Comme indiqu\u00e9 ci-dessus, la d\u00e9sactivation ou la suppression des cookies peut toutefois emp\u00eacher l&#8217;utilisation optimale de certaines zones du site ou affecter l&#8217;utilisation des services sous authentification.<br \/>\nSi les utilisateurs\/visiteurs souhaitent d\u00e9cider au cas par cas d&#8217;accepter ou non les cookies, ils peuvent \u00e9galement configurer leur navigateur pour qu&#8217;il g\u00e9n\u00e8re un avertissement chaque fois qu&#8217;un cookie est enregistr\u00e9.<br \/>\nLes cookies utilis\u00e9s sont \u00e0 la fois des cookies persistants (c&#8217;est-\u00e0-dire qu&#8217;ils restent stock\u00e9s, jusqu&#8217;\u00e0 leur expiration, sur le disque dur de l&#8217;ordinateur personnel de l&#8217;utilisateur\/visiteur) et des cookies de session (c&#8217;est-\u00e0-dire qu&#8217;ils ne sont pas stock\u00e9s de mani\u00e8re persistante sur l&#8217;ordinateur de l&#8217;utilisateur\/visiteur et disparaissent \u00e0 la fermeture du navigateur).<br \/>\nLes cookies sont utilis\u00e9s pour faciliter la navigation sur le site et sa bonne utilisation, pour faciliter l&#8217;acc\u00e8s aux services qui requi\u00e8rent une authentification (ce qui \u00e9vite \u00e0 l&#8217;utilisateur de devoir saisir \u00e0 nouveau ses donn\u00e9es d&#8217;authentification \u00e0 chaque fois qu&#8217;il acc\u00e8de aux services), \u00e0 des fins statistiques, pour savoir quelles zones du site ont \u00e9t\u00e9 visit\u00e9es, ainsi que, dans certains cas, pour une gestion optimale des pages et des espaces publicitaires ou pour fournir un contenu et une publicit\u00e9 en ad\u00e9quation avec les choix des internautes.<br \/>\nLes cookies de session sont utilis\u00e9s dans le but de transmettre les identifiants de session n\u00e9cessaires pour permettre une exploration s\u00fbre et efficace du site. Les cookies de session utilis\u00e9s sur ce site \u00e9vitent l&#8217;utilisation d&#8217;autres techniques informatiques potentiellement pr\u00e9judiciables \u00e0 la vie priv\u00e9e des utilisateurs\/visiteurs et sont \u00e9galement utilis\u00e9s pour am\u00e9liorer la fourniture de services.<br \/>\nEn outre, les cookies peuvent \u00eatre sp\u00e9cifiques \u00e0 un site (par exemple, utilis\u00e9s pour conna\u00eetre le nombre de pages visit\u00e9es sur le site) ou de tiers (c&#8217;est-\u00e0-dire g\u00e9n\u00e9r\u00e9s par d&#8217;autres sites pour fournir du contenu sur le site que vous visitez). Ce site peut utiliser des cookies anonymes de tiers afin de g\u00e9rer de mani\u00e8re dynamique la diffusion de messages publicitaires. Les navigateurs les plus courants offrent la possibilit\u00e9 de bloquer exclusivement les cookies de tiers et de n&#8217;accepter que ceux qui sont sp\u00e9cifiques au site. En outre, certaines soci\u00e9t\u00e9s qui g\u00e9n\u00e8rent des cookies sur des sites tiers offrent la possibilit\u00e9 de d\u00e9sactiver et\/ou d&#8217;inhiber de mani\u00e8re simple et imm\u00e9diate uniquement leurs propres cookies, m\u00eame lorsque ceux-ci sont anonymes, c&#8217;est-\u00e0-dire qu&#8217;ils n&#8217;impliquent pas l&#8217;enregistrement de donn\u00e9es d&#8217;identification personnelle (comme, par exemple, l&#8217;adresse IP).<\/p>\n<p>Cookies plac\u00e9s \u00e0 des fins d&#8217;analyse globale des visites sur le site<br \/>\nwww.lubenglass.eu utilise des outils d&#8217;analyse globale des donn\u00e9es de navigation pour am\u00e9liorer les sites Web, tels que Google Analytics. Ces outils utilisent des cookies qui sont plac\u00e9s sur votre ordinateur dans le but de permettre \u00e0 l&#8217;op\u00e9rateur des sites Web d&#8217;analyser la fa\u00e7on dont les utilisateurs utilisent les sites Web. Les informations g\u00e9n\u00e9r\u00e9es par les cookies concernant votre utilisation des sites Web seront transmises et stock\u00e9es sur les serveurs de Google. Ces informations sont utilis\u00e9es dans le but d&#8217;\u00e9valuer votre utilisation des sites Web, de compiler des rapports sur l&#8217;activit\u00e9 des sites Web pour les op\u00e9rateurs de sites Web et de fournir d&#8217;autres services li\u00e9s \u00e0 l&#8217;activit\u00e9 des sites Web et \u00e0 l&#8217;utilisation d&#8217;Internet. Les utilisateurs qui ne souhaitent pas recevoir de cookies li\u00e9s \u00e0 Google Analytics peuvent emp\u00eacher leur enregistrement sur leur ordinateur en utilisant le &#8220;module compl\u00e9mentaire de navigateur pour la d\u00e9sactivation de Google Analytics&#8221; mis \u00e0 disposition par Google \u00e0 l&#8217;adresse https:\/\/tools.google.com\/dlpage\/gaoptout. Pour activer ce composant, qui emp\u00eache le syst\u00e8me d&#8217;envoyer des informations sur la visite de l&#8217;utilisateur, il suffit de l&#8217;installer en suivant les instructions affich\u00e9es \u00e0 l&#8217;\u00e9cran, de fermer et de rouvrir le navigateur.<\/p>\n<p>Comment d\u00e9sactiver les cookies<br \/>\nLa plupart des navigateurs internet sont initialement configur\u00e9s pour accepter automatiquement les cookies. L&#8217;utilisateur peut modifier ces param\u00e8tres pour bloquer les cookies ou pour avertir que des cookies sont envoy\u00e9s \u00e0 son appareil. Il existe plusieurs fa\u00e7ons de g\u00e9rer les cookies. L&#8217;utilisateur peut se r\u00e9f\u00e9rer au mode d&#8217;emploi ou \u00e0 l&#8217;\u00e9cran d&#8217;aide de son navigateur pour savoir comment ajuster ou modifier les param\u00e8tres de son navigateur. Dans le cas d&#8217;appareils diff\u00e9rents (par exemple, ordinateurs, smartphones, tablettes, etc.), l&#8217;utilisateur doit s&#8217;assurer que chaque navigateur sur chaque appareil est ajust\u00e9 pour refl\u00e9ter ses pr\u00e9f\u00e9rences en mati\u00e8re de cookies.<\/p>\n<p>Liste des cookies utilis\u00e9s sur le site<\/p>\n<table width=\"734\">\n<tbody>\n<tr>\n<td width=\"315\">Nom<\/td>\n<td width=\"118\">Domaine \/ Soci\u00e9t\u00e9<\/td>\n<td width=\"301\">\u00c9ch\u00e9ance<\/td>\n<\/tr>\n<tr>\n<td>SIDCC<\/td>\n<td>.google.com<\/td>\n<td>Un anno<\/td>\n<\/tr>\n<tr>\n<td>__Secure-3PSID<\/td>\n<td>.google.com<\/td>\n<td>Due anni<\/td>\n<\/tr>\n<tr>\n<td>APISID<\/td>\n<td>.google.com<\/td>\n<td>Due anni<\/td>\n<\/tr>\n<tr>\n<td>__Secure-3PAPISID<\/td>\n<td>.google.com<\/td>\n<td>Due anni<\/td>\n<\/tr>\n<tr>\n<td>SAPISID<\/td>\n<td>.google.com<\/td>\n<td>Due anni<\/td>\n<\/tr>\n<tr>\n<td>HSID<\/td>\n<td>.google.com<\/td>\n<td>Due anni<\/td>\n<\/tr>\n<tr>\n<td>__Secure-3PSIDCC<\/td>\n<td>.google.com<\/td>\n<td>Un anno<\/td>\n<\/tr>\n<tr>\n<td>SSID<\/td>\n<td>.google.com<\/td>\n<td>Due anni<\/td>\n<\/tr>\n<tr>\n<td>SID<\/td>\n<td>.google.com<\/td>\n<td>Due anni<\/td>\n<\/tr>\n<tr>\n<td>__stripe_mid<\/td>\n<td>.fontawesome.com<\/td>\n<td>Un anno<\/td>\n<\/tr>\n<tr>\n<td>DV<\/td>\n<td>www.google.com<\/td>\n<td>Sessione<\/td>\n<\/tr>\n<tr>\n<td>1P_JAR<\/td>\n<td>.google.com<\/td>\n<td>Un mese<\/td>\n<\/tr>\n<tr>\n<td>NID<\/td>\n<td>.google.com<\/td>\n<td>5 mesi<\/td>\n<\/tr>\n<tr>\n<td>OTZ<\/td>\n<td>www.google.com<\/td>\n<td>Un mese<\/td>\n<\/tr>\n<tr>\n<td>OGPC<\/td>\n<td>.google.com<\/td>\n<td>Un mese<\/td>\n<\/tr>\n<tr>\n<td>wp-wpml_current_admin_language_d41d8cd98f00b204e9800998ecf8427e<\/td>\n<td>lubenglass.eu<\/td>\n<td>Sessione<\/td>\n<\/tr>\n<tr>\n<td>SEARCH_SAMESITE<\/td>\n<td>.google.com<\/td>\n<td>Un mese<\/td>\n<\/tr>\n<tr>\n<td>wp-settings-time-1<\/td>\n<td>lubenglass.eu<\/td>\n<td>Un anno<\/td>\n<\/tr>\n<tr>\n<td>_ga<\/td>\n<td>.fontawesome.com<\/td>\n<td>Due anni<\/td>\n<\/tr>\n<tr>\n<td>wordpress_logged_in_14f97bf9b763d36408b0c871706b90bd<\/td>\n<td>lubenglass.eu<\/td>\n<td>15 giorni<\/td>\n<\/tr>\n<tr>\n<td>CONSENT<\/td>\n<td>.google.com<\/td>\n<td>17 anni<\/td>\n<\/tr>\n<tr>\n<td>ANID<\/td>\n<td>.google.com<\/td>\n<td>5 mesi<\/td>\n<\/tr>\n<tr>\n<td>wp-wpml_current_language<\/td>\n<td>lubenglass.eu<\/td>\n<td>Sessione<\/td>\n<\/tr>\n<tr>\n<td>wordpress_14f97bf9b763d36408b0c871706b90bd<\/td>\n<td>lubenglass.eu<\/td>\n<td>15 giorni<\/td>\n<\/tr>\n<tr>\n<td>cookie_notice_accepted<\/td>\n<td>lubenglass.eu<\/td>\n<td>Un mese<\/td>\n<\/tr>\n<tr>\n<td>wp-settings-1<\/td>\n<td>lubenglass.eu<\/td>\n<td>Un anno<\/td>\n<\/tr>\n<tr>\n<td>wordpress_test_cookie<\/td>\n<td>lubenglass.eu<\/td>\n<td>Sessione<\/td>\n<\/tr>\n<\/tbody>\n<\/table>\n\t\t\t\t\t\t<\/div>\n\t\t\t\t<\/div>\n\t\t\t\t\t<\/div>\n\t\t<\/div>\n\t\t\t\t\t<\/div>\n\t\t<\/section>\n\t\t\t\t<\/div>\n\t\t","protected":false},"excerpt":{"rendered":"<p>Luben Glass Cookies Privacy Cookies Condizioni di vendita Ce site utilise des cookies ou marqueurs, qui sont techniquement des paquets d&#8217;informations envoy\u00e9s par un serveur web (dans ce cas, par ce site) au navigateur Internet du visiteur\/utilisateur et automatiquement stock\u00e9s par ce dernier sur l&#8217;ordinateur personnel et automatiquement renvoy\u00e9s au serveur \u00e0 chaque fois que [&hellip;]<\/p>\n","protected":false},"author":1,"featured_media":0,"parent":0,"menu_order":0,"comment_status":"closed","ping_status":"closed","template":"","meta":{"footnotes":""},"class_list":["post-10132","page","type-page","status-publish","hentry"],"_links":{"self":[{"href":"https:\/\/lubenglass.eu\/fr\/wp-json\/wp\/v2\/pages\/10132","targetHints":{"allow":["GET"]}}],"collection":[{"href":"https:\/\/lubenglass.eu\/fr\/wp-json\/wp\/v2\/pages"}],"about":[{"href":"https:\/\/lubenglass.eu\/fr\/wp-json\/wp\/v2\/types\/page"}],"author":[{"embeddable":true,"href":"https:\/\/lubenglass.eu\/fr\/wp-json\/wp\/v2\/users\/1"}],"replies":[{"embeddable":true,"href":"https:\/\/lubenglass.eu\/fr\/wp-json\/wp\/v2\/comments?post=10132"}],"version-history":[{"count":1,"href":"https:\/\/lubenglass.eu\/fr\/wp-json\/wp\/v2\/pages\/10132\/revisions"}],"predecessor-version":[{"id":10133,"href":"https:\/\/lubenglass.eu\/fr\/wp-json\/wp\/v2\/pages\/10132\/revisions\/10133"}],"wp:attachment":[{"href":"https:\/\/lubenglass.eu\/fr\/wp-json\/wp\/v2\/media?parent=10132"}],"curies":[{"name":"wp","href":"https:\/\/api.w.org\/{rel}","templated":true}]}}