{"id":10136,"date":"2023-07-19T16:57:34","date_gmt":"2023-07-19T14:57:34","guid":{"rendered":"https:\/\/lubenglass.eu\/economie-denergie\/"},"modified":"2023-10-17T17:08:49","modified_gmt":"2023-10-17T15:08:49","slug":"economie-denergie","status":"publish","type":"page","link":"https:\/\/lubenglass.eu\/fr\/economie-denergie\/","title":{"rendered":"\u00c9conomie d&#8217;\u00e9nergie"},"content":{"rendered":"\t\t<div data-elementor-type=\"wp-page\" data-elementor-id=\"10136\" class=\"elementor elementor-10136 elementor-867\">\n\t\t\t\t\t\t<section class=\"elementor-section elementor-top-section elementor-element elementor-element-bb8077a elementor-section-boxed elementor-section-height-default elementor-section-height-default\" data-id=\"bb8077a\" data-element_type=\"section\">\n\t\t\t\t\t\t<div class=\"elementor-container elementor-column-gap-default\">\n\t\t\t\t\t<div class=\"aux-parallax-section elementor-column elementor-col-100 elementor-top-column elementor-element elementor-element-3be4233\" data-id=\"3be4233\" data-element_type=\"column\">\n\t\t\t<div class=\"elementor-widget-wrap elementor-element-populated\">\n\t\t\t\t\t\t<div class=\"elementor-element elementor-element-96292e1 aux-appear-watch-animation aux-fade-in-up elementor-widget elementor-widget-aux_modern_heading\" data-id=\"96292e1\" data-element_type=\"widget\" data-widget_type=\"aux_modern_heading.default\">\n\t\t\t\t<div class=\"elementor-widget-container\">\n\t\t\t<section class=\"aux-widget-modern-heading\">\n            <div class=\"aux-widget-inner\"><div class=\"aux-modern-heading-divider\"><\/div><h2 class=\"aux-modern-heading-primary\">Les secteurs<\/h2><h3 class=\"aux-modern-heading-secondary\"><span class=\"aux-head-before\"> \u00c9conomie d'\u00e9nergie<\/span><\/h3><\/div>\n        <\/section>\t\t<\/div>\n\t\t\t\t<\/div>\n\t\t\t\t\t<\/div>\n\t\t<\/div>\n\t\t\t\t\t<\/div>\n\t\t<\/section>\n\t\t\t\t<section class=\"elementor-section elementor-top-section elementor-element elementor-element-ec4a7ea elementor-section-boxed elementor-section-height-default elementor-section-height-default\" data-id=\"ec4a7ea\" data-element_type=\"section\">\n\t\t\t\t\t\t<div class=\"elementor-container elementor-column-gap-default\">\n\t\t\t\t\t<div class=\"aux-parallax-section elementor-column elementor-col-100 elementor-top-column elementor-element elementor-element-cd70679\" data-id=\"cd70679\" data-element_type=\"column\">\n\t\t\t<div class=\"elementor-widget-wrap elementor-element-populated\">\n\t\t\t\t\t\t<section class=\"elementor-section elementor-inner-section elementor-element elementor-element-f98e01b elementor-section-boxed elementor-section-height-default elementor-section-height-default\" data-id=\"f98e01b\" data-element_type=\"section\">\n\t\t\t\t\t\t<div class=\"elementor-container elementor-column-gap-default\">\n\t\t\t\t\t<div class=\"aux-parallax-section elementor-column elementor-col-50 elementor-inner-column elementor-element elementor-element-debb05d\" data-id=\"debb05d\" data-element_type=\"column\">\n\t\t\t<div class=\"elementor-widget-wrap elementor-element-populated\">\n\t\t\t\t\t\t<div class=\"elementor-element elementor-element-ab907c7 elementor-widget elementor-widget-image\" data-id=\"ab907c7\" data-element_type=\"widget\" data-widget_type=\"image.default\">\n\t\t\t\t<div class=\"elementor-widget-container\">\n\t\t\t\t\t\t\t\t\t\t\t\t\t<img fetchpriority=\"high\" decoding=\"async\" width=\"900\" height=\"600\" src=\"https:\/\/lubenglass.eu\/wp-content\/uploads\/2020\/07\/energy.jpg\" class=\"attachment-large size-large wp-image-934\" alt=\"\" \/>\t\t\t\t\t\t\t\t\t\t\t\t\t<\/div>\n\t\t\t\t<\/div>\n\t\t\t\t\t<\/div>\n\t\t<\/div>\n\t\t\t\t<div class=\"aux-parallax-section elementor-column elementor-col-50 elementor-inner-column elementor-element elementor-element-489af4d\" data-id=\"489af4d\" data-element_type=\"column\">\n\t\t\t<div class=\"elementor-widget-wrap elementor-element-populated\">\n\t\t\t\t\t\t<div class=\"elementor-element elementor-element-005ecda elementor-widget elementor-widget-text-editor\" data-id=\"005ecda\" data-element_type=\"widget\" data-widget_type=\"text-editor.default\">\n\t\t\t\t<div class=\"elementor-widget-container\">\n\t\t\t\t\t\t\t<p><strong>L&#8217;EFFICACIT\u00c9 POUR SURVIVRE<\/strong><br \/>\nDans chaque verrerie et au-del\u00e0, la consommation d&#8217;\u00e9nergie et la pollution de l&#8217;air peuvent \u00eatre r\u00e9duites en visant un haut niveau d&#8217;efficacit\u00e9 ; cela peut \u00eatre r\u00e9alis\u00e9 en analysant chaque processus avec la conviction qu&#8217;il peut \u00eatre am\u00e9lior\u00e9.<br \/>\nLUBEN GLASS est convaincu que le concept d'&#8221;efficacit\u00e9 pour survivre&#8221; doit \u00eatre compris et appliqu\u00e9 avec intelligence, simplicit\u00e9 et int\u00e9gration \u00e0 ce qui existe d\u00e9j\u00e0.<br \/>\nC&#8217;est pourquoi LUBEN GLASS est en mesure d&#8217;offrir des conseils et des produits sp\u00e9cifiques pour optimiser les co\u00fbts \u00e9nerg\u00e9tiques du processus de production, en tirant tous les avantages \u00e9conomiques et environnementaux qui y sont associ\u00e9s.<\/p>\n<div><b>LA CHALEUR DE LA VERRERIE<\/b><\/div>\n<div>Gr\u00e2ce \u00e0 des partenariats avec des entreprises leaders du secteur, nous sommes sp\u00e9cialis\u00e9s dans la r\u00e9cup\u00e9ration de la chaleur \u00e9mise par les fours de recuit en zone froide. Cette chaleur est ensuite utilis\u00e9e pour la climatisation hivernale des d\u00e9partements non chauff\u00e9s et pour alimenter des groupes froids afin de refroidir, par exemple, la salle des tableaux \u00e9lectriques. Ce syst\u00e8me, ainsi que d&#8217;autres que nous proposons, comme l&#8217;utilisation de turbines ORC pour la r\u00e9cup\u00e9ration des fum\u00e9es \u00e9mises par le four de fusion, offrent la possibilit\u00e9 de r\u00e9aliser de grandes \u00e9conomies en termes \u00e9conomiques et sont respectueux de l&#8217;environnement.<\/div>\n<div><\/div>\n\t\t\t\t\t\t<\/div>\n\t\t\t\t<\/div>\n\t\t\t\t\t<\/div>\n\t\t<\/div>\n\t\t\t\t\t<\/div>\n\t\t<\/section>\n\t\t\t\t\t<\/div>\n\t\t<\/div>\n\t\t\t\t\t<\/div>\n\t\t<\/section>\n\t\t\t\t<\/div>\n\t\t","protected":false},"excerpt":{"rendered":"<p>Les secteurs \u00c9conomie d&#8217;\u00e9nergie L&#8217;EFFICACIT\u00c9 POUR SURVIVRE Dans chaque verrerie et au-del\u00e0, la consommation d&#8217;\u00e9nergie et la pollution de l&#8217;air peuvent \u00eatre r\u00e9duites en visant un haut niveau d&#8217;efficacit\u00e9 ; cela peut \u00eatre r\u00e9alis\u00e9 en analysant chaque processus avec la conviction qu&#8217;il peut \u00eatre am\u00e9lior\u00e9. LUBEN GLASS est convaincu que le concept d&#8217;&#8221;efficacit\u00e9 pour survivre&#8221; [&hellip;]<\/p>\n","protected":false},"author":1,"featured_media":0,"parent":0,"menu_order":0,"comment_status":"closed","ping_status":"closed","template":"","meta":{"footnotes":""},"class_list":["post-10136","page","type-page","status-publish","hentry"],"_links":{"self":[{"href":"https:\/\/lubenglass.eu\/fr\/wp-json\/wp\/v2\/pages\/10136","targetHints":{"allow":["GET"]}}],"collection":[{"href":"https:\/\/lubenglass.eu\/fr\/wp-json\/wp\/v2\/pages"}],"about":[{"href":"https:\/\/lubenglass.eu\/fr\/wp-json\/wp\/v2\/types\/page"}],"author":[{"embeddable":true,"href":"https:\/\/lubenglass.eu\/fr\/wp-json\/wp\/v2\/users\/1"}],"replies":[{"embeddable":true,"href":"https:\/\/lubenglass.eu\/fr\/wp-json\/wp\/v2\/comments?post=10136"}],"version-history":[{"count":12,"href":"https:\/\/lubenglass.eu\/fr\/wp-json\/wp\/v2\/pages\/10136\/revisions"}],"predecessor-version":[{"id":13538,"href":"https:\/\/lubenglass.eu\/fr\/wp-json\/wp\/v2\/pages\/10136\/revisions\/13538"}],"wp:attachment":[{"href":"https:\/\/lubenglass.eu\/fr\/wp-json\/wp\/v2\/media?parent=10136"}],"curies":[{"name":"wp","href":"https:\/\/api.w.org\/{rel}","templated":true}]}}