{"id":10138,"date":"2023-07-21T11:45:44","date_gmt":"2023-07-21T09:45:44","guid":{"rendered":"https:\/\/lubenglass.eu\/chimique\/"},"modified":"2023-10-17T17:07:45","modified_gmt":"2023-10-17T15:07:45","slug":"chimique","status":"publish","type":"page","link":"https:\/\/lubenglass.eu\/fr\/chimique\/","title":{"rendered":"Chimique"},"content":{"rendered":"\t\t<div data-elementor-type=\"wp-page\" data-elementor-id=\"10138\" class=\"elementor elementor-10138 elementor-865\">\n\t\t\t\t\t\t<section class=\"elementor-section elementor-top-section elementor-element elementor-element-bb8077a elementor-section-boxed elementor-section-height-default elementor-section-height-default\" data-id=\"bb8077a\" data-element_type=\"section\">\n\t\t\t\t\t\t<div class=\"elementor-container elementor-column-gap-default\">\n\t\t\t\t\t<div class=\"aux-parallax-section elementor-column elementor-col-100 elementor-top-column elementor-element elementor-element-3be4233\" data-id=\"3be4233\" data-element_type=\"column\">\n\t\t\t<div class=\"elementor-widget-wrap elementor-element-populated\">\n\t\t\t\t\t\t<div class=\"elementor-element elementor-element-96292e1 aux-appear-watch-animation aux-fade-in-up elementor-widget elementor-widget-aux_modern_heading\" data-id=\"96292e1\" data-element_type=\"widget\" data-widget_type=\"aux_modern_heading.default\">\n\t\t\t\t<div class=\"elementor-widget-container\">\n\t\t\t<section class=\"aux-widget-modern-heading\">\n            <div class=\"aux-widget-inner\"><div class=\"aux-modern-heading-divider\"><\/div><h2 class=\"aux-modern-heading-primary\">Les secteurs<\/h2><h3 class=\"aux-modern-heading-secondary\"><span class=\"aux-head-before\">Chemicals<\/span><\/h3><\/div>\n        <\/section>\t\t<\/div>\n\t\t\t\t<\/div>\n\t\t\t\t\t<\/div>\n\t\t<\/div>\n\t\t\t\t\t<\/div>\n\t\t<\/section>\n\t\t\t\t<section class=\"elementor-section elementor-top-section elementor-element elementor-element-1baf7c4 aux-appear-watch-animation aux-mask-from-bot elementor-section-boxed elementor-section-height-default elementor-section-height-default\" data-id=\"1baf7c4\" data-element_type=\"section\">\n\t\t\t\t\t\t<div class=\"elementor-container elementor-column-gap-default\">\n\t\t\t\t\t<div class=\"aux-parallax-section elementor-column elementor-col-50 elementor-top-column elementor-element elementor-element-d74deca\" data-id=\"d74deca\" data-element_type=\"column\">\n\t\t\t<div class=\"elementor-widget-wrap elementor-element-populated\">\n\t\t\t\t\t\t<div class=\"elementor-element elementor-element-43b7271 elementor-widget elementor-widget-image\" data-id=\"43b7271\" data-element_type=\"widget\" data-widget_type=\"image.default\">\n\t\t\t\t<div class=\"elementor-widget-container\">\n\t\t\t\t\t\t\t\t\t\t\t\t\t<img fetchpriority=\"high\" decoding=\"async\" width=\"900\" height=\"600\" src=\"https:\/\/lubenglass.eu\/wp-content\/uploads\/2020\/07\/chemical.jpg\" class=\"attachment-large size-large wp-image-933\" alt=\"\" \/>\t\t\t\t\t\t\t\t\t\t\t\t\t<\/div>\n\t\t\t\t<\/div>\n\t\t\t\t\t<\/div>\n\t\t<\/div>\n\t\t\t\t<div class=\"aux-parallax-section elementor-column elementor-col-50 elementor-top-column elementor-element elementor-element-2c059b7\" data-id=\"2c059b7\" data-element_type=\"column\">\n\t\t\t<div class=\"elementor-widget-wrap elementor-element-populated\">\n\t\t\t\t\t\t<div class=\"elementor-element elementor-element-2f105c8 elementor-widget elementor-widget-text-editor\" data-id=\"2f105c8\" data-element_type=\"widget\" data-widget_type=\"text-editor.default\">\n\t\t\t\t<div class=\"elementor-widget-container\">\n\t\t\t\t\t\t\t<p><strong>DES APPLICATIONS MULTIPLES<\/strong><br \/>\nLa division chimique a \u00e9t\u00e9 cr\u00e9\u00e9e pour commercialiser des lubrifiants, des huiles et d&#8217;autres produits destin\u00e9s \u00e0 l&#8217;industrie du verre. Nos produits sont con\u00e7us pour des applications en zone chaude, comme l&#8217;huile de lubrification des lames, et en zone froide, comme le produit de traitement \u00e0 froid des conteneurs. Pour compl\u00e9ter notre gamme de produits, nous pouvons fournir des huiles et d&#8217;autres produits tels que l&#8217;huile de polissage pour les moules et les poin\u00e7ons.<\/p>\n<p><strong>D\u00c9VELOPPEMENT DURABLE<\/strong><br \/>\nLUBEN GLASS accompagne ses clients dans la recherche et le d\u00e9veloppement de formulations qui lui permettent de garder une longueur d&#8217;avance et de constituer une base de r\u00e9ussite pour l&#8217;entreprise elle-m\u00eame et ses utilisateurs finaux. LUBEN GLASS, conscient que les processus de production et l&#8217;utilisation finale des produits chimiques qu&#8217;il commercialise ont un impact sur les personnes et l&#8217;environnement, fait du d\u00e9veloppement \u00e9conomique compatible sa propre valeur. C&#8217;est pourquoi LUBEN GLASS s&#8217;engage fortement dans le d\u00e9veloppement de produits innovants aux caract\u00e9ristiques \u00e9cologiques et \u00e9cotoxicologiques.<\/p>\n\t\t\t\t\t\t<\/div>\n\t\t\t\t<\/div>\n\t\t\t\t\t<\/div>\n\t\t<\/div>\n\t\t\t\t\t<\/div>\n\t\t<\/section>\n\t\t\t\t<\/div>\n\t\t","protected":false},"excerpt":{"rendered":"<p>Les secteurs Chemicals DES APPLICATIONS MULTIPLES La division chimique a \u00e9t\u00e9 cr\u00e9\u00e9e pour commercialiser des lubrifiants, des huiles et d&#8217;autres produits destin\u00e9s \u00e0 l&#8217;industrie du verre. Nos produits sont con\u00e7us pour des applications en zone chaude, comme l&#8217;huile de lubrification des lames, et en zone froide, comme le produit de traitement \u00e0 froid des conteneurs. [&hellip;]<\/p>\n","protected":false},"author":1,"featured_media":0,"parent":0,"menu_order":0,"comment_status":"closed","ping_status":"closed","template":"","meta":{"footnotes":""},"class_list":["post-10138","page","type-page","status-publish","hentry"],"_links":{"self":[{"href":"https:\/\/lubenglass.eu\/fr\/wp-json\/wp\/v2\/pages\/10138","targetHints":{"allow":["GET"]}}],"collection":[{"href":"https:\/\/lubenglass.eu\/fr\/wp-json\/wp\/v2\/pages"}],"about":[{"href":"https:\/\/lubenglass.eu\/fr\/wp-json\/wp\/v2\/types\/page"}],"author":[{"embeddable":true,"href":"https:\/\/lubenglass.eu\/fr\/wp-json\/wp\/v2\/users\/1"}],"replies":[{"embeddable":true,"href":"https:\/\/lubenglass.eu\/fr\/wp-json\/wp\/v2\/comments?post=10138"}],"version-history":[{"count":8,"href":"https:\/\/lubenglass.eu\/fr\/wp-json\/wp\/v2\/pages\/10138\/revisions"}],"predecessor-version":[{"id":13535,"href":"https:\/\/lubenglass.eu\/fr\/wp-json\/wp\/v2\/pages\/10138\/revisions\/13535"}],"wp:attachment":[{"href":"https:\/\/lubenglass.eu\/fr\/wp-json\/wp\/v2\/media?parent=10138"}],"curies":[{"name":"wp","href":"https:\/\/api.w.org\/{rel}","templated":true}]}}