{"id":10176,"date":"2023-09-19T15:02:12","date_gmt":"2023-09-19T13:02:12","guid":{"rendered":"https:\/\/lubenglass.eu\/mecanique\/"},"modified":"2023-09-29T09:01:39","modified_gmt":"2023-09-29T07:01:39","slug":"mecanique","status":"publish","type":"page","link":"https:\/\/lubenglass.eu\/fr\/mecanique\/","title":{"rendered":"M\u00e9canique"},"content":{"rendered":"\t\t<div data-elementor-type=\"wp-page\" data-elementor-id=\"10176\" class=\"elementor elementor-10176 elementor-854\">\n\t\t\t\t\t\t<section class=\"elementor-section elementor-top-section elementor-element elementor-element-bb8077a elementor-section-boxed elementor-section-height-default elementor-section-height-default\" data-id=\"bb8077a\" data-element_type=\"section\">\n\t\t\t\t\t\t<div class=\"elementor-container elementor-column-gap-default\">\n\t\t\t\t\t<div class=\"aux-parallax-section elementor-column elementor-col-100 elementor-top-column elementor-element elementor-element-3be4233\" data-id=\"3be4233\" data-element_type=\"column\">\n\t\t\t<div class=\"elementor-widget-wrap elementor-element-populated\">\n\t\t\t\t\t\t<div class=\"elementor-element elementor-element-96292e1 aux-appear-watch-animation aux-fade-in-up elementor-widget elementor-widget-aux_modern_heading\" data-id=\"96292e1\" data-element_type=\"widget\" data-widget_type=\"aux_modern_heading.default\">\n\t\t\t\t<div class=\"elementor-widget-container\">\n\t\t\t<section class=\"aux-widget-modern-heading\">\n            <div class=\"aux-widget-inner\"><div class=\"aux-modern-heading-divider\"><\/div><h2 class=\"aux-modern-heading-primary\">Les secteurs<\/h2><h3 class=\"aux-modern-heading-secondary\"><span class=\"aux-head-before\">Mechanics<\/span><\/h3><\/div>\n        <\/section>\t\t<\/div>\n\t\t\t\t<\/div>\n\t\t\t\t\t<\/div>\n\t\t<\/div>\n\t\t\t\t\t<\/div>\n\t\t<\/section>\n\t\t\t\t<section class=\"elementor-section elementor-top-section elementor-element elementor-element-536d85a aux-appear-watch-animation aux-mask-from-bot elementor-section-boxed elementor-section-height-default elementor-section-height-default\" data-id=\"536d85a\" data-element_type=\"section\">\n\t\t\t\t\t\t<div class=\"elementor-container elementor-column-gap-default\">\n\t\t\t\t\t<div class=\"aux-parallax-section elementor-column elementor-col-50 elementor-top-column elementor-element elementor-element-92dc0ea\" data-id=\"92dc0ea\" data-element_type=\"column\">\n\t\t\t<div class=\"elementor-widget-wrap elementor-element-populated\">\n\t\t\t\t\t\t<div class=\"elementor-element elementor-element-17a6cc9 elementor-widget elementor-widget-image\" data-id=\"17a6cc9\" data-element_type=\"widget\" data-widget_type=\"image.default\">\n\t\t\t\t<div class=\"elementor-widget-container\">\n\t\t\t\t\t\t\t\t\t\t\t\t\t<img fetchpriority=\"high\" decoding=\"async\" width=\"900\" height=\"600\" src=\"https:\/\/lubenglass.eu\/wp-content\/uploads\/2020\/07\/mechanical.jpg\" class=\"attachment-large size-large wp-image-931\" alt=\"\" \/>\t\t\t\t\t\t\t\t\t\t\t\t\t<\/div>\n\t\t\t\t<\/div>\n\t\t\t\t\t<\/div>\n\t\t<\/div>\n\t\t\t\t<div class=\"aux-parallax-section elementor-column elementor-col-50 elementor-top-column elementor-element elementor-element-5713c52\" data-id=\"5713c52\" data-element_type=\"column\">\n\t\t\t<div class=\"elementor-widget-wrap elementor-element-populated\">\n\t\t\t\t\t\t<div class=\"elementor-element elementor-element-7be4c57 elementor-widget elementor-widget-text-editor\" data-id=\"7be4c57\" data-element_type=\"widget\" data-widget_type=\"text-editor.default\">\n\t\t\t\t<div class=\"elementor-widget-container\">\n\t\t\t\t\t\t\t<p>FIABILIT\u00c9 MAXIMALE<br \/>\nLa division m\u00e9canique de LUBEN GLASS a \u00e9t\u00e9 cr\u00e9\u00e9e pour satisfaire les besoins des clients en leur offrant des solutions innovantes bas\u00e9es sur la cr\u00e9ation de composants pour machines de formage et syst\u00e8mes de diff\u00e9rents types, con\u00e7us pour satisfaire les multiples besoins fonctionnels des zones chaudes et froides. Gr\u00e2ce au travail effectu\u00e9 par des techniciens comp\u00e9tents, nous sommes en mesure de fournir des articles standards et\/ou des articles r\u00e9pondant aux besoins sp\u00e9cifiques de nos Clients, en garantissant toujours une fiabilit\u00e9 maximale du produit.<\/p>\n<p>DES POINTS FORTS INCONTOURNABLES<br \/>\nL&#8217;utilisation de mat\u00e9riaux de qualit\u00e9 sup\u00e9rieure, les phases de conception et de contr\u00f4le de production qui font appel \u00e0 des technologies de pointe, sont les points forts ind\u00e9niables de la division m\u00e9canique de LUBEN GLASS. Gr\u00e2ce \u00e0 ses comp\u00e9tences, LUBEN GLASS est en mesure de g\u00e9rer et de prendre en charge la cr\u00e9ation et la fourniture de produits moul\u00e9s, qu&#8217;ils soient en fonte, aluminium et\/ou autres m\u00e9taux, m\u00eame en petites quantit\u00e9s, aussi bien en production standard que sur mesure.<\/p>\n<p>CONNAISSANCE PROFONDE DU CYCLE DE FORMAGE<\/p>\n<p>La connaissance approfondie du cycle de production de r\u00e9cipients en verre nous permet de d\u00e9velopper et de cr\u00e9er des produits avec des codes standards et des solutions personnalis\u00e9es et innovantes. La division m\u00e9canique de LUBEN GLASS est en mesure de cr\u00e9er tous les composants n\u00e9cessaires au cycle de production des bouteilles : depuis la formation de la goutte jusqu&#8217;\u00e0 la livraison du r\u00e9cipient \u00e0 la zone de conditionnement.<\/p>\n\t\t\t\t\t\t<\/div>\n\t\t\t\t<\/div>\n\t\t\t\t\t<\/div>\n\t\t<\/div>\n\t\t\t\t\t<\/div>\n\t\t<\/section>\n\t\t\t\t<\/div>\n\t\t","protected":false},"excerpt":{"rendered":"<p>Les secteurs Mechanics FIABILIT\u00c9 MAXIMALE La division m\u00e9canique de LUBEN GLASS a \u00e9t\u00e9 cr\u00e9\u00e9e pour satisfaire les besoins des clients en leur offrant des solutions innovantes bas\u00e9es sur la cr\u00e9ation de composants pour machines de formage et syst\u00e8mes de diff\u00e9rents types, con\u00e7us pour satisfaire les multiples besoins fonctionnels des zones chaudes et froides. Gr\u00e2ce au [&hellip;]<\/p>\n","protected":false},"author":1,"featured_media":0,"parent":0,"menu_order":0,"comment_status":"closed","ping_status":"closed","template":"","meta":{"footnotes":""},"class_list":["post-10176","page","type-page","status-publish","hentry"],"_links":{"self":[{"href":"https:\/\/lubenglass.eu\/fr\/wp-json\/wp\/v2\/pages\/10176","targetHints":{"allow":["GET"]}}],"collection":[{"href":"https:\/\/lubenglass.eu\/fr\/wp-json\/wp\/v2\/pages"}],"about":[{"href":"https:\/\/lubenglass.eu\/fr\/wp-json\/wp\/v2\/types\/page"}],"author":[{"embeddable":true,"href":"https:\/\/lubenglass.eu\/fr\/wp-json\/wp\/v2\/users\/1"}],"replies":[{"embeddable":true,"href":"https:\/\/lubenglass.eu\/fr\/wp-json\/wp\/v2\/comments?post=10176"}],"version-history":[{"count":6,"href":"https:\/\/lubenglass.eu\/fr\/wp-json\/wp\/v2\/pages\/10176\/revisions"}],"predecessor-version":[{"id":13338,"href":"https:\/\/lubenglass.eu\/fr\/wp-json\/wp\/v2\/pages\/10176\/revisions\/13338"}],"wp:attachment":[{"href":"https:\/\/lubenglass.eu\/fr\/wp-json\/wp\/v2\/media?parent=10176"}],"curies":[{"name":"wp","href":"https:\/\/api.w.org\/{rel}","templated":true}]}}