{"id":10185,"date":"2023-09-19T15:59:41","date_gmt":"2023-09-19T13:59:41","guid":{"rendered":"https:\/\/lubenglass.eu\/installations-et-machines\/"},"modified":"2023-10-17T16:50:37","modified_gmt":"2023-10-17T14:50:37","slug":"installations-et-machines","status":"publish","type":"page","link":"https:\/\/lubenglass.eu\/fr\/installations-et-machines\/","title":{"rendered":"Installations et Machines"},"content":{"rendered":"\t\t<div data-elementor-type=\"wp-page\" data-elementor-id=\"10185\" class=\"elementor elementor-10185 elementor-863\">\n\t\t\t\t\t\t<section class=\"elementor-section elementor-top-section elementor-element elementor-element-bb8077a elementor-section-boxed elementor-section-height-default elementor-section-height-default\" data-id=\"bb8077a\" data-element_type=\"section\">\n\t\t\t\t\t\t<div class=\"elementor-container elementor-column-gap-default\">\n\t\t\t\t\t<div class=\"aux-parallax-section elementor-column elementor-col-100 elementor-top-column elementor-element elementor-element-3be4233\" data-id=\"3be4233\" data-element_type=\"column\">\n\t\t\t<div class=\"elementor-widget-wrap elementor-element-populated\">\n\t\t\t\t\t\t<div class=\"elementor-element elementor-element-96292e1 aux-appear-watch-animation aux-fade-in-up elementor-widget elementor-widget-aux_modern_heading\" data-id=\"96292e1\" data-element_type=\"widget\" data-widget_type=\"aux_modern_heading.default\">\n\t\t\t\t<div class=\"elementor-widget-container\">\n\t\t\t<section class=\"aux-widget-modern-heading\">\n            <div class=\"aux-widget-inner\"><div class=\"aux-modern-heading-divider\"><\/div><h2 class=\"aux-modern-heading-primary\">Les secteurs<\/h2><h3 class=\"aux-modern-heading-secondary\"><span class=\"aux-head-before\">Plants &amp; Machines<\/span><\/h3><\/div>\n        <\/section>\t\t<\/div>\n\t\t\t\t<\/div>\n\t\t\t\t\t<\/div>\n\t\t<\/div>\n\t\t\t\t\t<\/div>\n\t\t<\/section>\n\t\t\t\t<section class=\"elementor-section elementor-top-section elementor-element elementor-element-8d7495b aux-appear-watch-animation aux-mask-from-bot elementor-section-boxed elementor-section-height-default elementor-section-height-default\" data-id=\"8d7495b\" data-element_type=\"section\">\n\t\t\t\t\t\t<div class=\"elementor-container elementor-column-gap-default\">\n\t\t\t\t\t<div class=\"aux-parallax-section elementor-column elementor-col-50 elementor-top-column elementor-element elementor-element-f11e49a\" data-id=\"f11e49a\" data-element_type=\"column\">\n\t\t\t<div class=\"elementor-widget-wrap elementor-element-populated\">\n\t\t\t\t\t\t<div class=\"elementor-element elementor-element-f37c331 elementor-widget elementor-widget-image\" data-id=\"f37c331\" data-element_type=\"widget\" data-widget_type=\"image.default\">\n\t\t\t\t<div class=\"elementor-widget-container\">\n\t\t\t\t\t\t\t\t\t\t\t\t\t<img fetchpriority=\"high\" decoding=\"async\" width=\"900\" height=\"600\" src=\"https:\/\/lubenglass.eu\/wp-content\/uploads\/2020\/07\/plants-and-machines.jpg\" class=\"attachment-large size-large wp-image-932\" alt=\"\" \/>\t\t\t\t\t\t\t\t\t\t\t\t\t<\/div>\n\t\t\t\t<\/div>\n\t\t\t\t\t<\/div>\n\t\t<\/div>\n\t\t\t\t<div class=\"aux-parallax-section elementor-column elementor-col-50 elementor-top-column elementor-element elementor-element-e16cf9c\" data-id=\"e16cf9c\" data-element_type=\"column\">\n\t\t\t<div class=\"elementor-widget-wrap elementor-element-populated\">\n\t\t\t\t\t\t<div class=\"elementor-element elementor-element-c5e175a elementor-widget elementor-widget-text-editor\" data-id=\"c5e175a\" data-element_type=\"widget\" data-widget_type=\"text-editor.default\">\n\t\t\t\t<div class=\"elementor-widget-container\">\n\t\t\t\t\t\t\t<p>GAMME COMPL\u00c8TE DE SERVICES<\/p>\n<p>La division syst\u00e8mes nous permet de compl\u00e9ter la gamme de services que nous proposons aux verreries. LUBEN GLASS est en mesure de concevoir et de construire des syst\u00e8mes et des machines sp\u00e9cifiques pour le secteur du verre. Les syst\u00e8mes cr\u00e9\u00e9s sont le produit de la polyvalence de conception, de la qualit\u00e9 des pi\u00e8ces m\u00e9caniques, de la fiabilit\u00e9 des composants \u00e9lectroniques utilis\u00e9s et de la comp\u00e9tence de nos op\u00e9rateurs.<\/p>\n<p>&nbsp;<\/p>\n<p>PROPOSEZ TOUJOURS UNE SOLUTION<\/p>\n<p>LUBEN GLASS est en mesure de cr\u00e9er des syst\u00e8mes et des machines pour les zones chaudes et froides, offrant ainsi une large gamme de solutions aux besoins et aux probl\u00e8mes que nos clients rencontrent quotidiennement. Parmi les principaux articles produits, nous trouvons des unit\u00e9s de contr\u00f4le pour la lubrification des machines de formage.<\/p>\n<p>et lignes de production, syst\u00e8mes de lubrification des lames, syst\u00e8mes de lavage et de polissage des moules, syst\u00e8mes de traitement \u00e0 froid des bouteilles et bien d&#8217;autres.<\/p>\n<p>&nbsp;<\/p>\n<p>QUALIT\u00c9 DE PRODUCTION<\/p>\n<p>La qualit\u00e9 de la production est obtenue gr\u00e2ce \u00e0 un parc de machines toujours maintenu en parfait \u00e9tat de fonctionnement et renouvel\u00e9 avec les derni\u00e8res technologies disponibles sur le march\u00e9. La haute efficacit\u00e9 obtenue dans chaque processus de production nous permet d\u2019apporter la meilleure r\u00e9ponse \u00e0 chaque type de besoin. La flexibilit\u00e9 de production et la vari\u00e9t\u00e9 des machines et \u00e9quipements nous permettent de nous adapter rapidement \u00e0 tout besoin du client.<\/p>\n\t\t\t\t\t\t<\/div>\n\t\t\t\t<\/div>\n\t\t\t\t\t<\/div>\n\t\t<\/div>\n\t\t\t\t\t<\/div>\n\t\t<\/section>\n\t\t\t\t<\/div>\n\t\t","protected":false},"excerpt":{"rendered":"<p>Les secteurs Plants &amp; Machines GAMME COMPL\u00c8TE DE SERVICES La division syst\u00e8mes nous permet de compl\u00e9ter la gamme de services que nous proposons aux verreries. LUBEN GLASS est en mesure de concevoir et de construire des syst\u00e8mes et des machines sp\u00e9cifiques pour le secteur du verre. Les syst\u00e8mes cr\u00e9\u00e9s sont le produit de la polyvalence [&hellip;]<\/p>\n","protected":false},"author":1,"featured_media":0,"parent":0,"menu_order":0,"comment_status":"closed","ping_status":"closed","template":"","meta":{"footnotes":""},"class_list":["post-10185","page","type-page","status-publish","hentry"],"_links":{"self":[{"href":"https:\/\/lubenglass.eu\/fr\/wp-json\/wp\/v2\/pages\/10185","targetHints":{"allow":["GET"]}}],"collection":[{"href":"https:\/\/lubenglass.eu\/fr\/wp-json\/wp\/v2\/pages"}],"about":[{"href":"https:\/\/lubenglass.eu\/fr\/wp-json\/wp\/v2\/types\/page"}],"author":[{"embeddable":true,"href":"https:\/\/lubenglass.eu\/fr\/wp-json\/wp\/v2\/users\/1"}],"replies":[{"embeddable":true,"href":"https:\/\/lubenglass.eu\/fr\/wp-json\/wp\/v2\/comments?post=10185"}],"version-history":[{"count":7,"href":"https:\/\/lubenglass.eu\/fr\/wp-json\/wp\/v2\/pages\/10185\/revisions"}],"predecessor-version":[{"id":13519,"href":"https:\/\/lubenglass.eu\/fr\/wp-json\/wp\/v2\/pages\/10185\/revisions\/13519"}],"wp:attachment":[{"href":"https:\/\/lubenglass.eu\/fr\/wp-json\/wp\/v2\/media?parent=10185"}],"curies":[{"name":"wp","href":"https:\/\/api.w.org\/{rel}","templated":true}]}}