{"id":10189,"date":"2023-09-19T16:05:28","date_gmt":"2023-09-19T14:05:28","guid":{"rendered":"https:\/\/lubenglass.eu\/service\/"},"modified":"2023-09-29T08:55:39","modified_gmt":"2023-09-29T06:55:39","slug":"service","status":"publish","type":"page","link":"https:\/\/lubenglass.eu\/fr\/service\/","title":{"rendered":"Service"},"content":{"rendered":"\t\t<div data-elementor-type=\"wp-page\" data-elementor-id=\"10189\" class=\"elementor elementor-10189 elementor-861\">\n\t\t\t\t\t\t<section class=\"elementor-section elementor-top-section elementor-element elementor-element-bb8077a elementor-section-boxed elementor-section-height-default elementor-section-height-default\" data-id=\"bb8077a\" data-element_type=\"section\">\n\t\t\t\t\t\t<div class=\"elementor-container elementor-column-gap-default\">\n\t\t\t\t\t<div class=\"aux-parallax-section elementor-column elementor-col-100 elementor-top-column elementor-element elementor-element-3be4233\" data-id=\"3be4233\" data-element_type=\"column\">\n\t\t\t<div class=\"elementor-widget-wrap elementor-element-populated\">\n\t\t\t\t\t\t<div class=\"elementor-element elementor-element-96292e1 aux-appear-watch-animation aux-fade-in-up elementor-widget elementor-widget-aux_modern_heading\" data-id=\"96292e1\" data-element_type=\"widget\" data-widget_type=\"aux_modern_heading.default\">\n\t\t\t\t<div class=\"elementor-widget-container\">\n\t\t\t<section class=\"aux-widget-modern-heading\">\n            <div class=\"aux-widget-inner\"><div class=\"aux-modern-heading-divider\"><\/div><h2 class=\"aux-modern-heading-primary\">Les secteurs<\/h2><h3 class=\"aux-modern-heading-secondary\"><span class=\"aux-head-before\">Service<\/span><\/h3><\/div>\n        <\/section>\t\t<\/div>\n\t\t\t\t<\/div>\n\t\t\t\t\t<\/div>\n\t\t<\/div>\n\t\t\t\t\t<\/div>\n\t\t<\/section>\n\t\t\t\t<section class=\"elementor-section elementor-top-section elementor-element elementor-element-8aa2d61 aux-appear-watch-animation aux-mask-from-bot elementor-section-boxed elementor-section-height-default elementor-section-height-default\" data-id=\"8aa2d61\" data-element_type=\"section\">\n\t\t\t\t\t\t<div class=\"elementor-container elementor-column-gap-default\">\n\t\t\t\t\t<div class=\"aux-parallax-section elementor-column elementor-col-50 elementor-top-column elementor-element elementor-element-7938565\" data-id=\"7938565\" data-element_type=\"column\">\n\t\t\t<div class=\"elementor-widget-wrap elementor-element-populated\">\n\t\t\t\t\t\t<div class=\"elementor-element elementor-element-3ee6059 elementor-widget elementor-widget-image\" data-id=\"3ee6059\" data-element_type=\"widget\" data-widget_type=\"image.default\">\n\t\t\t\t<div class=\"elementor-widget-container\">\n\t\t\t\t\t\t\t\t\t\t\t\t\t<img fetchpriority=\"high\" decoding=\"async\" width=\"1024\" height=\"683\" src=\"https:\/\/lubenglass.eu\/wp-content\/uploads\/2021\/01\/service3.jpg\" class=\"attachment-large size-large wp-image-2144\" alt=\"\" \/>\t\t\t\t\t\t\t\t\t\t\t\t\t<\/div>\n\t\t\t\t<\/div>\n\t\t\t\t\t<\/div>\n\t\t<\/div>\n\t\t\t\t<div class=\"aux-parallax-section elementor-column elementor-col-50 elementor-top-column elementor-element elementor-element-bdf12df\" data-id=\"bdf12df\" data-element_type=\"column\">\n\t\t\t<div class=\"elementor-widget-wrap elementor-element-populated\">\n\t\t\t\t\t\t<div class=\"elementor-element elementor-element-1a74df3 elementor-widget elementor-widget-text-editor\" data-id=\"1a74df3\" data-element_type=\"widget\" data-widget_type=\"text-editor.default\">\n\t\t\t\t<div class=\"elementor-widget-container\">\n\t\t\t\t\t\t\t<p>LE SYST\u00c8ME DE SERVICE<\/p>\n<p>En offrant un conseil \u00e0 360\u00b0 et en r\u00e9pondant avec des solutions innovantes aux demandes sp\u00e9cifiques des clients, LUBEN GLASS est en mesure de garantir un syst\u00e8me de service efficace et valable pour la maintenance et les r\u00e9parations, m\u00eame dans les unit\u00e9s de production individuelles de nos clients. Un d\u00e9partement sp\u00e9cifique d\u00e9di\u00e9 au service nous permet<\/p>\n<p>pour r\u00e9viser, r\u00e9parer et r\u00e9aliser des op\u00e9rations de mise \u00e0 niveau sur les machines de formage, les m\u00e9canismes, les syst\u00e8mes et les machines, gr\u00e2ce \u00e0 l&#8217;utilisation de composants d\u00e9di\u00e9s et \u00e9galement en appliquant des solutions personnalis\u00e9es.<\/p>\n<p>&nbsp;<\/p>\n<p>CONSEIL INT\u00c9GR\u00c9<\/p>\n<p>Gr\u00e2ce \u00e0 un processus de conseil int\u00e9gr\u00e9, nous travaillons aux c\u00f4t\u00e9s de nos Clients pour les conseiller, par exemple, dans le choix de la configuration la plus adapt\u00e9e, de la machine de formage la plus adapt\u00e9e et des \u00e9quipements variables qui peuvent contribuer au mieux \u00e0 la cr\u00e9ation de l&#8217;article choisi. LUBEN GLASS est en effet capable de cr\u00e9er des configurations de machines de moulage \u00e0 partir de leur structure de base pour arriver au produit fini.<\/p>\n<p>&nbsp;<\/p>\n\t\t\t\t\t\t<\/div>\n\t\t\t\t<\/div>\n\t\t\t\t\t<\/div>\n\t\t<\/div>\n\t\t\t\t\t<\/div>\n\t\t<\/section>\n\t\t\t\t<\/div>\n\t\t","protected":false},"excerpt":{"rendered":"<p>Les secteurs Service LE SYST\u00c8ME DE SERVICE En offrant un conseil \u00e0 360\u00b0 et en r\u00e9pondant avec des solutions innovantes aux demandes sp\u00e9cifiques des clients, LUBEN GLASS est en mesure de garantir un syst\u00e8me de service efficace et valable pour la maintenance et les r\u00e9parations, m\u00eame dans les unit\u00e9s de production individuelles de nos clients. [&hellip;]<\/p>\n","protected":false},"author":1,"featured_media":0,"parent":0,"menu_order":0,"comment_status":"closed","ping_status":"closed","template":"","meta":{"footnotes":""},"class_list":["post-10189","page","type-page","status-publish","hentry"],"_links":{"self":[{"href":"https:\/\/lubenglass.eu\/fr\/wp-json\/wp\/v2\/pages\/10189","targetHints":{"allow":["GET"]}}],"collection":[{"href":"https:\/\/lubenglass.eu\/fr\/wp-json\/wp\/v2\/pages"}],"about":[{"href":"https:\/\/lubenglass.eu\/fr\/wp-json\/wp\/v2\/types\/page"}],"author":[{"embeddable":true,"href":"https:\/\/lubenglass.eu\/fr\/wp-json\/wp\/v2\/users\/1"}],"replies":[{"embeddable":true,"href":"https:\/\/lubenglass.eu\/fr\/wp-json\/wp\/v2\/comments?post=10189"}],"version-history":[{"count":8,"href":"https:\/\/lubenglass.eu\/fr\/wp-json\/wp\/v2\/pages\/10189\/revisions"}],"predecessor-version":[{"id":13326,"href":"https:\/\/lubenglass.eu\/fr\/wp-json\/wp\/v2\/pages\/10189\/revisions\/13326"}],"wp:attachment":[{"href":"https:\/\/lubenglass.eu\/fr\/wp-json\/wp\/v2\/media?parent=10189"}],"curies":[{"name":"wp","href":"https:\/\/api.w.org\/{rel}","templated":true}]}}