{"id":447,"date":"2019-01-09T07:57:37","date_gmt":"2019-01-09T06:57:37","guid":{"rendered":"https:\/\/lubenglass.eu\/about\/"},"modified":"2024-05-06T17:51:30","modified_gmt":"2024-05-06T15:51:30","slug":"azienda","status":"publish","type":"page","link":"https:\/\/lubenglass.eu\/fr\/azienda\/","title":{"rendered":"Azienda"},"content":{"rendered":"\t\t<div data-elementor-type=\"wp-post\" data-elementor-id=\"447\" class=\"elementor elementor-447\">\n\t\t\t\t\t\t<section class=\"elementor-section elementor-top-section elementor-element elementor-element-72dc777 elementor-section-boxed elementor-section-height-default elementor-section-height-default\" data-id=\"72dc777\" data-element_type=\"section\">\n\t\t\t\t\t\t<div class=\"elementor-container elementor-column-gap-no\">\n\t\t\t\t\t<div class=\"aux-parallax-section elementor-column elementor-col-25 elementor-top-column elementor-element elementor-element-126a4d5\" data-id=\"126a4d5\" data-element_type=\"column\">\n\t\t\t<div class=\"elementor-widget-wrap elementor-element-populated\">\n\t\t\t\t\t\t<div class=\"elementor-element elementor-element-3797c73 elementor-widget elementor-widget-heading\" data-id=\"3797c73\" data-element_type=\"widget\" data-widget_type=\"heading.default\">\n\t\t\t\t<div class=\"elementor-widget-container\">\n\t\t\t<h3 class=\"elementor-heading-title elementor-size-default\">Guarda il video<\/h3>\t\t<\/div>\n\t\t\t\t<\/div>\n\t\t\t\t<div class=\"elementor-element elementor-element-27c755b aux-appear-watch-animation aux-mask-from-top elementor-widget elementor-widget-video\" data-id=\"27c755b\" data-element_type=\"widget\" data-settings=\"{&quot;video_type&quot;:&quot;hosted&quot;,&quot;show_image_overlay&quot;:&quot;yes&quot;,&quot;image_overlay&quot;:{&quot;url&quot;:&quot;https:\\\/\\\/lubenglass.eu\\\/wp-content\\\/uploads\\\/2020\\\/07\\\/chisiamo1.jpg&quot;,&quot;id&quot;:836,&quot;size&quot;:&quot;&quot;},&quot;lightbox&quot;:&quot;yes&quot;,&quot;controls&quot;:&quot;yes&quot;}\" data-widget_type=\"video.default\">\n\t\t\t\t<div class=\"elementor-widget-container\">\n\t\t\t\t\t<div class=\"e-hosted-video elementor-wrapper elementor-open-lightbox\">\n\t\t\t\t\t\t\t<div class=\"elementor-custom-embed-image-overlay\" data-elementor-open-lightbox=\"yes\" data-elementor-lightbox=\"{&quot;type&quot;:&quot;video&quot;,&quot;videoType&quot;:&quot;hosted&quot;,&quot;url&quot;:&quot;https:\\\/\\\/lubenglass.eu\\\/wp-content\\\/uploads\\\/2020\\\/11\\\/video.mp4&quot;,&quot;autoplay&quot;:&quot;&quot;,&quot;modalOptions&quot;:{&quot;id&quot;:&quot;elementor-lightbox-27c755b&quot;,&quot;entranceAnimation&quot;:&quot;&quot;,&quot;entranceAnimation_tablet&quot;:&quot;&quot;,&quot;entranceAnimation_mobile&quot;:&quot;&quot;,&quot;videoAspectRatio&quot;:&quot;169&quot;},&quot;videoParams&quot;:{&quot;controls&quot;:&quot;&quot;,&quot;preload&quot;:&quot;metadata&quot;,&quot;controlsList&quot;:&quot;nodownload&quot;}}\" data-e-action-hash=\"#elementor-action%3Aaction%3Dlightbox%26settings%3DeyJ0eXBlIjoidmlkZW8iLCJ2aWRlb1R5cGUiOiJob3N0ZWQiLCJ1cmwiOiJodHRwczpcL1wvbHViZW5nbGFzcy5ldVwvd3AtY29udGVudFwvdXBsb2Fkc1wvMjAyMFwvMTFcL3ZpZGVvLm1wNCIsImF1dG9wbGF5IjoiIiwibW9kYWxPcHRpb25zIjp7ImlkIjoiZWxlbWVudG9yLWxpZ2h0Ym94LTI3Yzc1NWIiLCJlbnRyYW5jZUFuaW1hdGlvbiI6IiIsImVudHJhbmNlQW5pbWF0aW9uX3RhYmxldCI6IiIsImVudHJhbmNlQW5pbWF0aW9uX21vYmlsZSI6IiIsInZpZGVvQXNwZWN0UmF0aW8iOiIxNjkifSwidmlkZW9QYXJhbXMiOnsiY29udHJvbHMiOiIiLCJwcmVsb2FkIjoibWV0YWRhdGEiLCJjb250cm9sc0xpc3QiOiJub2Rvd25sb2FkIn19\">\n\t\t\t\t\t\t\t\t\t\t\t<img decoding=\"async\" src=\"https:\/\/lubenglass.eu\/wp-content\/uploads\/elementor\/thumbs\/chisiamo1-ossrivprj57o4rr7d4jcws7ysh7dremhcct57q69g6.jpg\" title=\"chisiamo1\" alt=\"chisiamo1\" loading=\"lazy\" \/>\t\t\t\t\t\t\t\t\t\t\t\t\t\t\t\t<div class=\"elementor-custom-embed-play\" role=\"button\" aria-label=\"Lire la vid\u00e9o\" tabindex=\"0\">\n\t\t\t\t\t\t\t<i aria-hidden=\"true\" class=\"eicon-play\"><\/i>\t\t\t\t\t\t\t<span class=\"elementor-screen-only\">Lire la vid\u00e9o<\/span>\n\t\t\t\t\t\t<\/div>\n\t\t\t\t\t\t\t\t\t<\/div>\n\t\t\t\t\t<\/div>\n\t\t\t\t<\/div>\n\t\t\t\t<\/div>\n\t\t\t\t\t<\/div>\n\t\t<\/div>\n\t\t\t\t<div class=\"aux-parallax-section elementor-column elementor-col-50 elementor-top-column elementor-element elementor-element-420852e\" data-id=\"420852e\" data-element_type=\"column\">\n\t\t\t<div class=\"elementor-widget-wrap elementor-element-populated\">\n\t\t\t\t\t\t<div class=\"elementor-element elementor-element-e56b624 aux-appear-watch-animation aux-fade-in-up elementor-widget elementor-widget-aux_modern_heading\" data-id=\"e56b624\" data-element_type=\"widget\" data-widget_type=\"aux_modern_heading.default\">\n\t\t\t\t<div class=\"elementor-widget-container\">\n\t\t\t<section class=\"aux-widget-modern-heading\">\n            <div class=\"aux-widget-inner\"><div class=\"aux-modern-heading-divider\"><\/div><h6 class=\"aux-modern-heading-primary\">Il nostro Gruppo<\/h6><h6 class=\"aux-modern-heading-secondary\"><span class=\"aux-head-before\">Luben Glass Group<\/span><\/h6><div class=\"aux-modern-heading-description\"><p><strong>CRESCITA ED EVOLUZIONE<\/strong><br \/>Presente sin dagli anni ottanta nel settore vetrario, LUBEN GLASS si afferma quale azienda specializzata nella fornitura di parti di ricambio, attrezzature speciali, impianti, macchine e prodotti chimici, affiancando alla vendita anche servizi di engineering e energy consulting. Nel corso degli anni LUBEN GLASS ha saputo accrescersi ed evolversi dando prova di essere una societ\u00e0 versatile e solida, dimostrandosi il partner ideale per le aziende del settore vetrario.\u00a0Grazie al crescente numero di clienti e con l'obiettivo di fornire un supporto sempre pi\u00f9 efficace su tutto il territorio, Luben Glass ha deciso di creare nuove realt\u00e0 commerciali e post-vendita, in grado di assistere i clienti a livello globale.<\/p><p>Oggi l\u2019azienda guarda al futuro con l\u2019obiettivo di garantire una sempre pi\u00f9 propositiva assistenza ai propri Clienti attraverso collaborazioni fattive che rendano il Gruppo LUBEN GLASS il punto di riferimento per il settore vetrario a livello mondiale<\/p><\/div><\/div>\n        <\/section>\t\t<\/div>\n\t\t\t\t<\/div>\n\t\t\t\t<div class=\"elementor-element elementor-element-2ece511 aux-appear-watch-animation aux-fade-in-up elementor-widget elementor-widget-text-editor\" data-id=\"2ece511\" data-element_type=\"widget\" data-widget_type=\"text-editor.default\">\n\t\t\t\t<div class=\"elementor-widget-container\">\n\t\t\t\t\t\t\t<p>La filiale Luben Glass UK per i clienti in Inghilterra e Irlanda, Luben Steklo per tutti i clienti dell&#8217;area C.I.S., Luben Glass America e Luben Glass Brasil per i clienti nelle Americhe.<\/p>\t\t\t\t\t\t<\/div>\n\t\t\t\t<\/div>\n\t\t\t\t<div class=\"elementor-element elementor-element-46fce51 aux-appear-watch-animation aux-fade-in-up elementor-widget elementor-widget-aux_icon_list\" data-id=\"46fce51\" data-element_type=\"widget\" data-widget_type=\"aux_icon_list.default\">\n\t\t\t\t<div class=\"elementor-widget-container\">\n\t\t\t<section class=\"widget-container aux-widget-icon-list aux-parent-au19b4bc28\"><div class=\"widget-inner\"><div class=\"aux-widget-icon-list-inner\"><ul class=\"aux-icon-list-items aux-direction-horizontal\"><li class=\"aux-icon-list-item aux-list-item-has-connector aux-list-item-has-icon aux-icon-list-item-cd8af95 elementor-repeater-item-cd8af95\"><span class=\"aux-icon-list-icon auxicon-check-1\"><\/span><span class=\"aux-icon-list-text\">Luben Glass \u00e8 in grado di supportare i clienti in Africa, Asia, Medio ed Estremo Oriente.<\/span><span class=\"aux-list-connector\"><\/span><\/li><\/ul><\/div><\/div><\/section><!-- widget-container -->\t\t<\/div>\n\t\t\t\t<\/div>\n\t\t\t\t\t<\/div>\n\t\t<\/div>\n\t\t\t\t<div class=\"aux-parallax-section elementor-column elementor-col-25 elementor-top-column elementor-element elementor-element-f38f3eb\" data-id=\"f38f3eb\" data-element_type=\"column\">\n\t\t\t<div class=\"elementor-widget-wrap elementor-element-populated\">\n\t\t\t\t\t\t<section class=\"elementor-section elementor-inner-section elementor-element elementor-element-5cf3824 aux-appear-watch-animation aux-fade-in-up elementor-section-boxed elementor-section-height-default elementor-section-height-default\" data-id=\"5cf3824\" data-element_type=\"section\">\n\t\t\t\t\t\t<div class=\"elementor-container elementor-column-gap-wide\">\n\t\t\t\t\t<div class=\"aux-parallax-section elementor-column elementor-col-100 elementor-inner-column elementor-element elementor-element-4b3a32d\" data-id=\"4b3a32d\" data-element_type=\"column\">\n\t\t\t<div class=\"elementor-widget-wrap elementor-element-populated\">\n\t\t\t\t\t\t<div class=\"elementor-element elementor-element-27a326e elementor-widget elementor-widget-image\" data-id=\"27a326e\" data-element_type=\"widget\" data-widget_type=\"image.default\">\n\t\t\t\t<div class=\"elementor-widget-container\">\n\t\t\t\t\t\t\t\t\t\t\t\t\t\t<a href=\"#\">\n\t\t\t\t\t\t\t<img decoding=\"async\" width=\"400\" height=\"120\" src=\"https:\/\/lubenglass.eu\/wp-content\/uploads\/2020\/07\/logoLuben.jpg\" class=\"attachment-full size-full wp-image-815\" alt=\"\" srcset=\"https:\/\/lubenglass.eu\/wp-content\/uploads\/2020\/07\/logoLuben.jpg 400w, https:\/\/lubenglass.eu\/wp-content\/uploads\/2020\/07\/logoLuben-1320x396.jpg 1320w\" sizes=\"(max-width: 400px) 100vw, 400px\" \/>\t\t\t\t\t\t\t\t<\/a>\n\t\t\t\t\t\t\t\t\t\t\t\t\t<\/div>\n\t\t\t\t<\/div>\n\t\t\t\t<div class=\"elementor-element elementor-element-251c78c elementor-widget elementor-widget-spacer\" data-id=\"251c78c\" data-element_type=\"widget\" data-widget_type=\"spacer.default\">\n\t\t\t\t<div class=\"elementor-widget-container\">\n\t\t\t\t\t<div class=\"elementor-spacer\">\n\t\t\t<div class=\"elementor-spacer-inner\"><\/div>\n\t\t<\/div>\n\t\t\t\t<\/div>\n\t\t\t\t<\/div>\n\t\t\t\t<div class=\"elementor-element elementor-element-070b44d elementor-widget elementor-widget-image\" data-id=\"070b44d\" data-element_type=\"widget\" data-widget_type=\"image.default\">\n\t\t\t\t<div class=\"elementor-widget-container\">\n\t\t\t\t\t\t\t\t\t\t\t\t\t\t<a href=\"#\">\n\t\t\t\t\t\t\t<img decoding=\"async\" width=\"400\" height=\"120\" src=\"https:\/\/lubenglass.eu\/wp-content\/uploads\/2020\/07\/logoAmerica.jpg\" class=\"attachment-full size-full wp-image-817\" alt=\"\" srcset=\"https:\/\/lubenglass.eu\/wp-content\/uploads\/2020\/07\/logoAmerica.jpg 400w, https:\/\/lubenglass.eu\/wp-content\/uploads\/2020\/07\/logoAmerica-1320x396.jpg 1320w\" sizes=\"(max-width: 400px) 100vw, 400px\" \/>\t\t\t\t\t\t\t\t<\/a>\n\t\t\t\t\t\t\t\t\t\t\t\t\t<\/div>\n\t\t\t\t<\/div>\n\t\t\t\t<div class=\"elementor-element elementor-element-ae7fa7e elementor-widget elementor-widget-spacer\" data-id=\"ae7fa7e\" data-element_type=\"widget\" data-widget_type=\"spacer.default\">\n\t\t\t\t<div class=\"elementor-widget-container\">\n\t\t\t\t\t<div class=\"elementor-spacer\">\n\t\t\t<div class=\"elementor-spacer-inner\"><\/div>\n\t\t<\/div>\n\t\t\t\t<\/div>\n\t\t\t\t<\/div>\n\t\t\t\t<div class=\"elementor-element elementor-element-a061839 elementor-widget elementor-widget-image\" data-id=\"a061839\" data-element_type=\"widget\" data-widget_type=\"image.default\">\n\t\t\t\t<div class=\"elementor-widget-container\">\n\t\t\t\t\t\t\t\t\t\t\t\t\t\t<a href=\"#\">\n\t\t\t\t\t\t\t<img decoding=\"async\" width=\"400\" height=\"120\" src=\"https:\/\/lubenglass.eu\/wp-content\/uploads\/2020\/07\/logoBrasiel.jpg\" class=\"attachment-full size-full wp-image-818\" alt=\"\" srcset=\"https:\/\/lubenglass.eu\/wp-content\/uploads\/2020\/07\/logoBrasiel.jpg 400w, https:\/\/lubenglass.eu\/wp-content\/uploads\/2020\/07\/logoBrasiel-1320x396.jpg 1320w\" sizes=\"(max-width: 400px) 100vw, 400px\" \/>\t\t\t\t\t\t\t\t<\/a>\n\t\t\t\t\t\t\t\t\t\t\t\t\t<\/div>\n\t\t\t\t<\/div>\n\t\t\t\t<div class=\"elementor-element elementor-element-6b9cf77 elementor-widget elementor-widget-spacer\" data-id=\"6b9cf77\" data-element_type=\"widget\" data-widget_type=\"spacer.default\">\n\t\t\t\t<div class=\"elementor-widget-container\">\n\t\t\t\t\t<div class=\"elementor-spacer\">\n\t\t\t<div class=\"elementor-spacer-inner\"><\/div>\n\t\t<\/div>\n\t\t\t\t<\/div>\n\t\t\t\t<\/div>\n\t\t\t\t<div class=\"elementor-element elementor-element-2dfd07d elementor-widget elementor-widget-image\" data-id=\"2dfd07d\" data-element_type=\"widget\" data-widget_type=\"image.default\">\n\t\t\t\t<div class=\"elementor-widget-container\">\n\t\t\t\t\t\t\t\t\t\t\t\t\t\t<a href=\"#\">\n\t\t\t\t\t\t\t<img loading=\"lazy\" decoding=\"async\" width=\"400\" height=\"120\" src=\"https:\/\/lubenglass.eu\/wp-content\/uploads\/2020\/07\/logoUK.jpg\" class=\"attachment-full size-full wp-image-819\" alt=\"\" srcset=\"https:\/\/lubenglass.eu\/wp-content\/uploads\/2020\/07\/logoUK.jpg 400w, https:\/\/lubenglass.eu\/wp-content\/uploads\/2020\/07\/logoUK-1320x396.jpg 1320w\" sizes=\"(max-width: 400px) 100vw, 400px\" \/>\t\t\t\t\t\t\t\t<\/a>\n\t\t\t\t\t\t\t\t\t\t\t\t\t<\/div>\n\t\t\t\t<\/div>\n\t\t\t\t<div class=\"elementor-element elementor-element-5f1c825 elementor-widget elementor-widget-spacer\" data-id=\"5f1c825\" data-element_type=\"widget\" data-widget_type=\"spacer.default\">\n\t\t\t\t<div class=\"elementor-widget-container\">\n\t\t\t\t\t<div class=\"elementor-spacer\">\n\t\t\t<div class=\"elementor-spacer-inner\"><\/div>\n\t\t<\/div>\n\t\t\t\t<\/div>\n\t\t\t\t<\/div>\n\t\t\t\t<div class=\"elementor-element elementor-element-46ac974 elementor-widget elementor-widget-image\" data-id=\"46ac974\" data-element_type=\"widget\" data-widget_type=\"image.default\">\n\t\t\t\t<div class=\"elementor-widget-container\">\n\t\t\t\t\t\t\t\t\t\t\t\t\t\t<a href=\"#\">\n\t\t\t\t\t\t\t<img loading=\"lazy\" decoding=\"async\" width=\"400\" height=\"120\" src=\"https:\/\/lubenglass.eu\/wp-content\/uploads\/2020\/07\/logoSteklo.jpg\" class=\"attachment-full size-full wp-image-820\" alt=\"\" srcset=\"https:\/\/lubenglass.eu\/wp-content\/uploads\/2020\/07\/logoSteklo.jpg 400w, https:\/\/lubenglass.eu\/wp-content\/uploads\/2020\/07\/logoSteklo-1320x396.jpg 1320w\" sizes=\"(max-width: 400px) 100vw, 400px\" \/>\t\t\t\t\t\t\t\t<\/a>\n\t\t\t\t\t\t\t\t\t\t\t\t\t<\/div>\n\t\t\t\t<\/div>\n\t\t\t\t\t<\/div>\n\t\t<\/div>\n\t\t\t\t\t<\/div>\n\t\t<\/section>\n\t\t\t\t\t<\/div>\n\t\t<\/div>\n\t\t\t\t\t<\/div>\n\t\t<\/section>\n\t\t\t\t<section class=\"elementor-section elementor-top-section elementor-element elementor-element-5310b9f elementor-section-content-middle elementor-section-full_width elementor-section-height-default elementor-section-height-default\" data-id=\"5310b9f\" data-element_type=\"section\" data-settings=\"{&quot;background_background&quot;:&quot;classic&quot;}\">\n\t\t\t\t\t\t\t<div class=\"elementor-background-overlay\"><\/div>\n\t\t\t\t\t\t\t<div class=\"elementor-container elementor-column-gap-no\">\n\t\t\t\t\t<div class=\"aux-parallax-section elementor-column elementor-col-100 elementor-top-column elementor-element elementor-element-1646871\" data-id=\"1646871\" data-element_type=\"column\">\n\t\t\t<div class=\"elementor-widget-wrap elementor-element-populated\">\n\t\t\t\t\t\t<div class=\"elementor-element elementor-element-2a015ee elementor-widget elementor-widget-shortcode\" data-id=\"2a015ee\" data-element_type=\"widget\" data-widget_type=\"shortcode.default\">\n\t\t\t\t<div class=\"elementor-widget-container\">\n\t\t\t\t\t<div class=\"elementor-shortcode\"><div class=\"map_wrapper\" id=\"map_wrapper_1125\">\n<div class=\"map_box\" style=\"max-width:2200px\">\n<div class=\"map_aspect_ratio\" style=\"padding-top:40%\" data-padding-top=\"40%\" data-padding-top-mobile=\"0%\">\n<div class=\"map_container\">\n<div class=\"map_render map_loading\" id=\"map_1125\"><\/div>\n<\/div>\n<\/div>\n<\/div>\n<\/div><\/div>\n\t\t\t\t<\/div>\n\t\t\t\t<\/div>\n\t\t\t\t\t<\/div>\n\t\t<\/div>\n\t\t\t\t\t<\/div>\n\t\t<\/section>\n\t\t\t\t<section class=\"elementor-section elementor-top-section elementor-element elementor-element-99b6101 elementor-section-boxed elementor-section-height-default elementor-section-height-default\" data-id=\"99b6101\" data-element_type=\"section\">\n\t\t\t\t\t\t<div class=\"elementor-container elementor-column-gap-no\">\n\t\t\t\t\t<div class=\"aux-parallax-section elementor-column elementor-col-33 elementor-top-column elementor-element elementor-element-cf63b37\" data-id=\"cf63b37\" data-element_type=\"column\">\n\t\t\t<div class=\"elementor-widget-wrap elementor-element-populated\">\n\t\t\t\t\t\t<div class=\"elementor-element elementor-element-74aaf74 aux-appear-watch-animation aux-fade-in-right elementor-widget elementor-widget-aux_modern_heading\" data-id=\"74aaf74\" data-element_type=\"widget\" data-widget_type=\"aux_modern_heading.default\">\n\t\t\t\t<div class=\"elementor-widget-container\">\n\t\t\t<section class=\"aux-widget-modern-heading\">\n            <div class=\"aux-widget-inner\"><div class=\"aux-modern-heading-divider\"><\/div><h6 class=\"aux-modern-heading-primary\">L'origine\n<\/h6><h6 class=\"aux-modern-heading-secondary\"><span class=\"aux-head-before\">Nata nel <\/span><span class=\"aux-head-highlight\">1984<\/span><span class=\"aux-head-after\">per offrire un servizio di consulenza nelle vetrerie<\/span><\/h6><div class=\"aux-modern-heading-description\"><p>Partendo dalle esigenze dei Clienti e con l'obiettivo di soddisfare le loro richieste, accanto ai servizi di consulenza, Luben ha incluso fin dall'inizio la fornitura di parti di ricambio per macchine formatrici, gli impianti \u00a0e i lubrificanti per l'industria del vetro.<\/p><p>L'obiettivo di soddisfare le crescenti esigenze del mercato e la necessit\u00e0 di offrire un servizio completo a 360\u00b0, spingono Luben a cercare un partner affidabile, iniziando cos\u00ec una partnership con OMCA , che nasce nel 1974.<\/p><p>La lunga e forte partnership tra LUBEN e OMCA, ma anche la necessit\u00e0 di sviluppo, di rinnovamento e di risposte alle molteplici richieste del mercato in continua evoluzione, hanno portato alla nascita di LUBEN GLASS.<\/p><\/div><\/div>\n        <\/section>\t\t<\/div>\n\t\t\t\t<\/div>\n\t\t\t\t\t<\/div>\n\t\t<\/div>\n\t\t\t\t<div class=\"aux-parallax-section elementor-column elementor-col-66 elementor-top-column elementor-element elementor-element-6531226\" data-id=\"6531226\" data-element_type=\"column\">\n\t\t\t<div class=\"elementor-widget-wrap elementor-element-populated\">\n\t\t\t\t\t\t<div class=\"elementor-element elementor-element-f0411e4 aux-appear-watch-animation aux-fade-in-right elementor-widget elementor-widget-aux_modern_heading\" data-id=\"f0411e4\" data-element_type=\"widget\" data-widget_type=\"aux_modern_heading.default\">\n\t\t\t\t<div class=\"elementor-widget-container\">\n\t\t\t<section class=\"aux-widget-modern-heading\">\n            <div class=\"aux-widget-inner\"><div class=\"aux-modern-heading-divider\"><\/div><h6 class=\"aux-modern-heading-primary\">Il futuro<\/h6><h6 class=\"aux-modern-heading-secondary\"><span class=\"aux-head-before\">L'ambizioso progetto di <\/span><span class=\"aux-head-highlight\">Luben Glass group<\/span><span class=\"aux-head-after\">per guardare al futuro<\/span><\/h6><div class=\"aux-modern-heading-description\"><p>Grazie alla sua versatilit\u00e0 si \u00e8 affermata sul mercato come azienda leader specializzata nella fornitura di ricambi, attrezzature speciali, impianti, macchine e prodotti chimici, aggiungendo al reparto commerciale servizi di ingegneria e consulenza energetica.<\/p><p>Nel corso degli anni Luben Glass \u00e8 cresciuta e si \u00e8 evoluta dimostrando di essere un'azienda flessibile e solida, diventando cos\u00ec il partner ideale per i produttori di vetro cavo. Oggi Luben Glass guarda al futuro con lo scopo di garantire un servizio pi\u00f9 proattivo ai propri Clienti attraverso possibili collaborazioni che fanno di Luben Glass il punto di riferimento per i produttori di vetro cavo in tutto il mondo.<\/p><\/div><\/div>\n        <\/section>\t\t<\/div>\n\t\t\t\t<\/div>\n\t\t\t\t\t<\/div>\n\t\t<\/div>\n\t\t\t\t\t<\/div>\n\t\t<\/section>\n\t\t\t\t<section class=\"elementor-section elementor-top-section elementor-element elementor-element-8647b9b elementor-section-boxed elementor-section-height-default elementor-section-height-default\" data-id=\"8647b9b\" data-element_type=\"section\">\n\t\t\t\t\t\t<div class=\"elementor-container elementor-column-gap-default\">\n\t\t\t\t\t<div class=\"aux-parallax-section elementor-column elementor-col-100 elementor-top-column elementor-element elementor-element-7b4d208\" data-id=\"7b4d208\" data-element_type=\"column\">\n\t\t\t<div class=\"elementor-widget-wrap\">\n\t\t\t\t\t\t\t<\/div>\n\t\t<\/div>\n\t\t\t\t\t<\/div>\n\t\t<\/section>\n\t\t\t\t<\/div>\n\t\t","protected":false},"excerpt":{"rendered":"<p>Guarda il video https:\/\/lubenglass.eu\/wp-content\/uploads\/2020\/11\/video.mp4 Il nostro Gruppo Luben Glass Group CRESCITA ED EVOLUZIONEPresente sin dagli anni ottanta nel settore vetrario, LUBEN GLASS si afferma quale azienda specializzata nella fornitura di parti di ricambio, attrezzature speciali, impianti, macchine e prodotti chimici, affiancando alla vendita anche servizi di engineering e energy consulting. Nel corso degli anni LUBEN [&hellip;]<\/p>\n","protected":false},"author":1,"featured_media":0,"parent":0,"menu_order":0,"comment_status":"closed","ping_status":"closed","template":"","meta":{"footnotes":""},"class_list":["post-447","page","type-page","status-publish","hentry"],"_links":{"self":[{"href":"https:\/\/lubenglass.eu\/fr\/wp-json\/wp\/v2\/pages\/447","targetHints":{"allow":["GET"]}}],"collection":[{"href":"https:\/\/lubenglass.eu\/fr\/wp-json\/wp\/v2\/pages"}],"about":[{"href":"https:\/\/lubenglass.eu\/fr\/wp-json\/wp\/v2\/types\/page"}],"author":[{"embeddable":true,"href":"https:\/\/lubenglass.eu\/fr\/wp-json\/wp\/v2\/users\/1"}],"replies":[{"embeddable":true,"href":"https:\/\/lubenglass.eu\/fr\/wp-json\/wp\/v2\/comments?post=447"}],"version-history":[{"count":144,"href":"https:\/\/lubenglass.eu\/fr\/wp-json\/wp\/v2\/pages\/447\/revisions"}],"predecessor-version":[{"id":14038,"href":"https:\/\/lubenglass.eu\/fr\/wp-json\/wp\/v2\/pages\/447\/revisions\/14038"}],"wp:attachment":[{"href":"https:\/\/lubenglass.eu\/fr\/wp-json\/wp\/v2\/media?parent=447"}],"curies":[{"name":"wp","href":"https:\/\/api.w.org\/{rel}","templated":true}]}}